{"id":57231,"date":"2026-03-09T13:04:13","date_gmt":"2026-03-09T13:04:13","guid":{"rendered":"https:\/\/shop.iproff.ee\/?post_type=product&#038;p=57231"},"modified":"2026-03-09T13:22:20","modified_gmt":"2026-03-09T13:22:20","slug":"apple-iphone-17e-256gb-black","status":"publish","type":"product","link":"https:\/\/shop.iproff.ee\/ru\/product\/apple-iphone-17e-256gb-black\/","title":{"rendered":"Apple iPhone 17e 256GB &#8212; Black"},"content":{"rendered":"<p class=\"p1\"><b>Kirjeldus<\/b><b><\/b><\/p>\n<p class=\"p2\">iPhone 17e \u00fchendab v\u00f5imekuse ja hea hinna. See pakub paljusid samu funktsioone nagu iPhone 17, kuid soodsama hinnaga. Seadmel on vastupidav Ceramic Shield 2 esiklaas, v\u00f5imas A19 kiip, 48 MP Fusion-kaamera, MagSafe juhtmevaba laadimine ja USB-C port. Alates 256 GB salvestusruumist on iPhone 17e nutikas valik neile, kes soovivad kaasaegset iPhone\u2019i suurep\u00e4rase v\u00e4\u00e4rtusega.<\/p>\n<p class=\"p1\"><b>Olulisemad omadused<\/b><b><\/b><\/p>\n<ul>\n<li>\n<p class=\"p1\">V\u00f5imas <span class=\"s1\"><b>A19 kiip<\/b><\/span> kiireks ja sujuvaks kasutuskogemuseks<\/p>\n<\/li>\n<li>\n<p class=\"p1\"><b>6,1\u201d Super Retina XDR OLED-ekraan<\/b><b><\/b><\/p>\n<\/li>\n<li>\n<p class=\"p1\"><b>48 MP Fusion-kaameras\u00fcsteem<\/b><span class=\"s1\"> koos 2\u00d7 telefotoga<\/span><\/p>\n<\/li>\n<li>\n<p class=\"p1\">J\u00e4rgmise p\u00f5lvkonna portreere\u017eiim<\/p>\n<\/li>\n<li>\n<p class=\"p1\"><span class=\"s1\"><b>Ceramic Shield 2<\/b><\/span> \u2013 kuni 3\u00d7 parem kriimustuskindlus<\/p>\n<\/li>\n<li>\n<p class=\"p1\"><span class=\"s1\"><b>USB-C port<\/b><\/span> ja <span class=\"s1\"><b>MagSafe<\/b><\/span> juhtmevaba laadimine<\/p>\n<\/li>\n<li>\n<p class=\"p1\"><span class=\"s1\">Aku kestab kuni <\/span><b>26 tundi video taasesitust<\/b><b><\/b><\/p>\n<\/li>\n<li>\n<p class=\"p1\"><b>Face ID<\/b><span class=\"s1\"> ja <\/span><b>Action Button<\/b><b><\/b><\/p>\n<\/li>\n<li>\n<p class=\"p1\"><b>Topelt eSIM<\/b><b><\/b><\/p>\n<\/li>\n<li>\n<p class=\"p1\">Kaal: <span class=\"s1\"><b>169 g<\/b><\/span><\/p>\n<\/li>\n<\/ul>\n<p class=\"p2\">* iPhone 17e ei sisalda toiteadapterit ega EarPodse.<\/p>\n<p class=\"p1\"><b>Karbis<\/b><b><\/b><\/p>\n<ul>\n<li>\n<p class=\"p1\">iPhone 17e<\/p>\n<\/li>\n<li>\n<p class=\"p1\">USB-C laadimiskaabel (1 m)<\/p>\n<\/li>\n<li>\n<p class=\"p1\">Dokumentatsioon<\/p>\n<\/li>\n<\/ul>\n","protected":false},"excerpt":{"rendered":"<p>Kirjeldus iPhone 17e \u00fchendab v\u00f5imekuse ja hea hinna. See pakub paljusid samu funktsioone nagu iPhone 17, kuid soodsama hinnaga. Seadmel on vastupidav Ceramic Shield 2 esiklaas, v\u00f5imas A19 kiip, 48 MP Fusion-kaamera, MagSafe juhtmevaba laadimine ja USB-C port. Alates 256 GB salvestusruumist on iPhone 17e nutikas valik neile, kes soovivad kaasaegset iPhone\u2019i suurep\u00e4rase v\u00e4\u00e4rtusega. Olulisemad [&hellip;]<\/p>\n","protected":false},"featured_media":57233,"template":"","meta":{"_acf_changed":false},"product_cat":[695,694,152,159],"product_tag":[],"class_list":{"0":"post-57231","1":"product","2":"type-product","3":"status-publish","4":"has-post-thumbnail","6":"product_cat-256gb-16","7":"product_cat-iphone-17e","8":"product_cat-nutitelefonid","9":"product_cat-apple","11":"first","12":"onbackorder","13":"taxable","14":"shipping-taxable","15":"purchasable","16":"product-type-simple"},"acf":[],"_links":{"self":[{"href":"https:\/\/shop.iproff.ee\/ru\/wp-json\/wp\/v2\/product\/57231","targetHints":{"allow":["GET"]}}],"collection":[{"href":"https:\/\/shop.iproff.ee\/ru\/wp-json\/wp\/v2\/product"}],"about":[{"href":"https:\/\/shop.iproff.ee\/ru\/wp-json\/wp\/v2\/types\/product"}],"wp:featuredmedia":[{"embeddable":true,"href":"https:\/\/shop.iproff.ee\/ru\/wp-json\/wp\/v2\/media\/57233"}],"wp:attachment":[{"href":"https:\/\/shop.iproff.ee\/ru\/wp-json\/wp\/v2\/media?parent=57231"}],"wp:term":[{"taxonomy":"product_cat","embeddable":true,"href":"https:\/\/shop.iproff.ee\/ru\/wp-json\/wp\/v2\/product_cat?post=57231"},{"taxonomy":"product_tag","embeddable":true,"href":"https:\/\/shop.iproff.ee\/ru\/wp-json\/wp\/v2\/product_tag?post=57231"}],"curies":[{"name":"wp","href":"https:\/\/api.w.org\/{rel}","templated":true}]}}