{"id":57052,"date":"2026-02-14T11:10:29","date_gmt":"2026-02-14T11:10:29","guid":{"rendered":"https:\/\/shop.iproff.ee\/?post_type=product&#038;p=57052"},"modified":"2026-04-06T14:18:38","modified_gmt":"2026-04-06T14:18:38","slug":"kasutatud-apple-iphone-15-pro-128gb-black-titanium-grade-b","status":"publish","type":"product","link":"https:\/\/shop.iproff.ee\/ru\/product\/kasutatud-apple-iphone-15-pro-128gb-black-titanium-grade-b\/","title":{"rendered":"Kasutatud Apple iPhone 15 Pro 128GB &#8212; Black Titanium (Grade B+)"},"content":{"rendered":"<p>Battery Health: 86%<br \/>\nK\u00f5ik funktsioonid t\u00f6\u00f6tavad laitmatult.<\/p>\n<p>Ekraanil kohati kriimud ning raami \u00e4\u00e4rtes samuti m\u00f5ni \u00fcksik kulumine.<\/p>\n<p>Seadmele kehtib 12 kuuline garantiiperiood.<\/p>\n<p>Pakume samuti ka v\u00f5imalust tasuda mugavalt osade kaupa ESTO intressivaba j\u00e4relmaksuga.<\/p>\n<p>&nbsp;<\/p>\n<p>https:\/\/www.ounaturg.ee\/65452-iphone-15-pro<\/p>\n","protected":false},"excerpt":{"rendered":"<p>Battery Health: 86% K\u00f5ik funktsioonid t\u00f6\u00f6tavad laitmatult. Ekraanil kohati kriimud ning raami \u00e4\u00e4rtes samuti m\u00f5ni \u00fcksik kulumine. Seadmele kehtib 12 kuuline garantiiperiood. Pakume samuti ka v\u00f5imalust tasuda mugavalt osade kaupa ESTO intressivaba j\u00e4relmaksuga. &nbsp; https:\/\/www.ounaturg.ee\/65452-iphone-15-pro<\/p>\n","protected":false},"featured_media":57396,"template":"","meta":{"_acf_changed":false},"product_cat":[689,692],"product_tag":[],"class_list":{"0":"post-57052","1":"product","2":"type-product","3":"status-publish","4":"has-post-thumbnail","6":"product_cat-kasutatud-seadmed","7":"product_cat-kasutatud-telefonid-1","9":"first","10":"instock","11":"taxable","12":"shipping-taxable","13":"purchasable","14":"product-type-simple"},"acf":[],"_links":{"self":[{"href":"https:\/\/shop.iproff.ee\/ru\/wp-json\/wp\/v2\/product\/57052","targetHints":{"allow":["GET"]}}],"collection":[{"href":"https:\/\/shop.iproff.ee\/ru\/wp-json\/wp\/v2\/product"}],"about":[{"href":"https:\/\/shop.iproff.ee\/ru\/wp-json\/wp\/v2\/types\/product"}],"wp:featuredmedia":[{"embeddable":true,"href":"https:\/\/shop.iproff.ee\/ru\/wp-json\/wp\/v2\/media\/57396"}],"wp:attachment":[{"href":"https:\/\/shop.iproff.ee\/ru\/wp-json\/wp\/v2\/media?parent=57052"}],"wp:term":[{"taxonomy":"product_cat","embeddable":true,"href":"https:\/\/shop.iproff.ee\/ru\/wp-json\/wp\/v2\/product_cat?post=57052"},{"taxonomy":"product_tag","embeddable":true,"href":"https:\/\/shop.iproff.ee\/ru\/wp-json\/wp\/v2\/product_tag?post=57052"}],"curies":[{"name":"wp","href":"https:\/\/api.w.org\/{rel}","templated":true}]}}