{"id":57011,"date":"2026-02-07T11:54:09","date_gmt":"2026-02-07T11:54:09","guid":{"rendered":"https:\/\/shop.iproff.ee\/?post_type=product&#038;p=57011"},"modified":"2026-02-12T15:24:19","modified_gmt":"2026-02-12T15:24:19","slug":"kasutatud-apple-iphone-14-pro-128gb-deep-purple-grade-a","status":"publish","type":"product","link":"https:\/\/shop.iproff.ee\/ru\/product\/kasutatud-apple-iphone-14-pro-128gb-deep-purple-grade-a\/","title":{"rendered":"Kasutatud Apple iPhone 14 Pro 128GB &#8212; Deep Purple (Grade A+)"},"content":{"rendered":"<p>K\u00f5ik funktsioonid t\u00f6\u00f6tavad laitmatult.<br \/>\nBattery Health: 100%<br \/>\nKasutusj\u00e4lgedeta ning kriimuvaba ekraan ja korpus. Uus v\u00e4rske aku paigaldatud seadmele.<\/p>\n<p>Seadmele kehtib 12 kuuline garantiiperiood.<\/p>\n<p>Pakume samuti ka v\u00f5imalust tasuda mugavalt osade kaupa ESTO intressivaba j\u00e4relmaksuga.<\/p>\n<p>&nbsp;<\/p>\n<p>https:\/\/www.ounaturg.ee\/64870-iphone-14-pro<\/p>\n<p>&nbsp;<\/p>\n","protected":false},"excerpt":{"rendered":"<p>K\u00f5ik funktsioonid t\u00f6\u00f6tavad laitmatult. Battery Health: 100% Kasutusj\u00e4lgedeta ning kriimuvaba ekraan ja korpus. Uus v\u00e4rske aku paigaldatud seadmele. Seadmele kehtib 12 kuuline garantiiperiood. Pakume samuti ka v\u00f5imalust tasuda mugavalt osade kaupa ESTO intressivaba j\u00e4relmaksuga. &nbsp; https:\/\/www.ounaturg.ee\/64870-iphone-14-pro &nbsp;<\/p>\n","protected":false},"featured_media":57013,"template":"","meta":{"_acf_changed":false},"product_cat":[689,692],"product_tag":[],"class_list":{"0":"post-57011","1":"product","2":"type-product","3":"status-publish","4":"has-post-thumbnail","6":"product_cat-kasutatud-seadmed","7":"product_cat-kasutatud-telefonid-1","9":"first","10":"instock","11":"taxable","12":"shipping-taxable","13":"purchasable","14":"product-type-simple"},"acf":[],"_links":{"self":[{"href":"https:\/\/shop.iproff.ee\/ru\/wp-json\/wp\/v2\/product\/57011","targetHints":{"allow":["GET"]}}],"collection":[{"href":"https:\/\/shop.iproff.ee\/ru\/wp-json\/wp\/v2\/product"}],"about":[{"href":"https:\/\/shop.iproff.ee\/ru\/wp-json\/wp\/v2\/types\/product"}],"wp:featuredmedia":[{"embeddable":true,"href":"https:\/\/shop.iproff.ee\/ru\/wp-json\/wp\/v2\/media\/57013"}],"wp:attachment":[{"href":"https:\/\/shop.iproff.ee\/ru\/wp-json\/wp\/v2\/media?parent=57011"}],"wp:term":[{"taxonomy":"product_cat","embeddable":true,"href":"https:\/\/shop.iproff.ee\/ru\/wp-json\/wp\/v2\/product_cat?post=57011"},{"taxonomy":"product_tag","embeddable":true,"href":"https:\/\/shop.iproff.ee\/ru\/wp-json\/wp\/v2\/product_tag?post=57011"}],"curies":[{"name":"wp","href":"https:\/\/api.w.org\/{rel}","templated":true}]}}