{"id":56951,"date":"2026-02-04T10:59:24","date_gmt":"2026-02-04T10:59:24","guid":{"rendered":"https:\/\/shop.iproff.ee\/?post_type=product&#038;p=56951"},"modified":"2026-04-28T15:55:47","modified_gmt":"2026-04-28T15:55:47","slug":"kasutatud-apple-iphone-16-pro-max-512gb-natural-titanium-grade-a","status":"publish","type":"product","link":"https:\/\/shop.iproff.ee\/ru\/product\/kasutatud-apple-iphone-16-pro-max-512gb-natural-titanium-grade-a\/","title":{"rendered":"Kasutatud Apple iPhone 16 Pro Max 512GB &#8212; Natural Titanium (Grade A+)"},"content":{"rendered":"<p>K\u00f5ik funktsioonid t\u00f6\u00f6tavad laitmatult.<br \/>\nBattery Health: 92%<br \/>\nTelefon on ideaalses seisundis. Uuev\u00e4\u00e4rne\/kriimuvaba.<\/p>\n<p>Soovi korral paigaldame uue Originaal aku + 110\u20ac.<\/p>\n<p>Seadmele kehtib 12 kuuline garantiiperiood.<\/p>\n<p>Pakume samuti ka v\u00f5imalust tasuda mugavalt osade kaupa ESTO intressivaba j\u00e4relmaksuga.<\/p>\n<p>&nbsp;<\/p>\n<p>&nbsp;<\/p>\n","protected":false},"excerpt":{"rendered":"<p>K\u00f5ik funktsioonid t\u00f6\u00f6tavad laitmatult. Battery Health: 92% Telefon on ideaalses seisundis. Uuev\u00e4\u00e4rne\/kriimuvaba. Soovi korral paigaldame uue Originaal aku + 110\u20ac. Seadmele kehtib 12 kuuline garantiiperiood. Pakume samuti ka v\u00f5imalust tasuda mugavalt osade kaupa ESTO intressivaba j\u00e4relmaksuga. &nbsp; &nbsp;<\/p>\n","protected":false},"featured_media":57518,"template":"","meta":{"_acf_changed":false},"product_cat":[689,692],"product_tag":[],"class_list":{"0":"post-56951","1":"product","2":"type-product","3":"status-publish","4":"has-post-thumbnail","6":"product_cat-kasutatud-seadmed","7":"product_cat-kasutatud-telefonid-1","9":"first","10":"instock","11":"featured","12":"taxable","13":"shipping-taxable","14":"purchasable","15":"product-type-simple"},"acf":[],"_links":{"self":[{"href":"https:\/\/shop.iproff.ee\/ru\/wp-json\/wp\/v2\/product\/56951","targetHints":{"allow":["GET"]}}],"collection":[{"href":"https:\/\/shop.iproff.ee\/ru\/wp-json\/wp\/v2\/product"}],"about":[{"href":"https:\/\/shop.iproff.ee\/ru\/wp-json\/wp\/v2\/types\/product"}],"wp:featuredmedia":[{"embeddable":true,"href":"https:\/\/shop.iproff.ee\/ru\/wp-json\/wp\/v2\/media\/57518"}],"wp:attachment":[{"href":"https:\/\/shop.iproff.ee\/ru\/wp-json\/wp\/v2\/media?parent=56951"}],"wp:term":[{"taxonomy":"product_cat","embeddable":true,"href":"https:\/\/shop.iproff.ee\/ru\/wp-json\/wp\/v2\/product_cat?post=56951"},{"taxonomy":"product_tag","embeddable":true,"href":"https:\/\/shop.iproff.ee\/ru\/wp-json\/wp\/v2\/product_tag?post=56951"}],"curies":[{"name":"wp","href":"https:\/\/api.w.org\/{rel}","templated":true}]}}