{"id":56885,"date":"2026-01-30T15:01:02","date_gmt":"2026-01-30T15:01:02","guid":{"rendered":"https:\/\/shop.iproff.ee\/?post_type=product&#038;p=56885"},"modified":"2026-02-26T14:46:24","modified_gmt":"2026-02-26T14:46:24","slug":"kasutatud-apple-macbook-pro-2017-13-8gb-128gb-silver-grade-a","status":"publish","type":"product","link":"https:\/\/shop.iproff.ee\/ru\/product\/kasutatud-apple-macbook-pro-2017-13-8gb-128gb-silver-grade-a\/","title":{"rendered":"Kasutatud Apple Macbook Pro 2017 13&#8243; 8GB\/128GB &#8212; Silver (Grade A)"},"content":{"rendered":"<p>K\u00f5ik \u00fclej\u00e4\u00e4nud funktsioonid t\u00f6\u00f6tavad laitmatult.<br \/>\nBattery Health: 563 Cycles<br \/>\nV\u00e4ga heas seisundis arvuti. Korpusel minimaalsed kulumised, kohati esinevad kriimud. \u00dcks v\u00e4ike t\u00e4kke korpuse \u00e4\u00e4rel<\/p>\n<p>Seadmele kehtib 12 kuuline garantiiperiood.<\/p>\n<p>Pakume samuti ka v\u00f5imalust tasuda mugavalt osade kaupa ESTO intressivaba j\u00e4relmaksuga.<\/p>\n<p>&nbsp;<\/p>\n<p><a href=\"https:\/\/www.ounaturg.ee\/65094-macbook-pro-2017\" target=\"_blank\" rel=\"noopener\">https:\/\/www.ounaturg.ee\/65094-macbook-pro-2017<\/a><\/p>\n<p>&nbsp;<\/p>\n","protected":false},"excerpt":{"rendered":"<p>K\u00f5ik \u00fclej\u00e4\u00e4nud funktsioonid t\u00f6\u00f6tavad laitmatult. Battery Health: 563 Cycles V\u00e4ga heas seisundis arvuti. Korpusel minimaalsed kulumised, kohati esinevad kriimud. \u00dcks v\u00e4ike t\u00e4kke korpuse \u00e4\u00e4rel Seadmele kehtib 12 kuuline garantiiperiood. Pakume samuti ka v\u00f5imalust tasuda mugavalt osade kaupa ESTO intressivaba j\u00e4relmaksuga. &nbsp; https:\/\/www.ounaturg.ee\/65094-macbook-pro-2017 &nbsp;<\/p>\n","protected":false},"featured_media":57121,"template":"","meta":{"_acf_changed":false},"product_cat":[693,689],"product_tag":[],"class_list":{"0":"post-56885","1":"product","2":"type-product","3":"status-publish","4":"has-post-thumbnail","6":"product_cat-kasutatud-arvutid","7":"product_cat-kasutatud-seadmed","9":"first","10":"instock","11":"taxable","12":"shipping-taxable","13":"purchasable","14":"product-type-simple"},"acf":[],"_links":{"self":[{"href":"https:\/\/shop.iproff.ee\/ru\/wp-json\/wp\/v2\/product\/56885","targetHints":{"allow":["GET"]}}],"collection":[{"href":"https:\/\/shop.iproff.ee\/ru\/wp-json\/wp\/v2\/product"}],"about":[{"href":"https:\/\/shop.iproff.ee\/ru\/wp-json\/wp\/v2\/types\/product"}],"wp:featuredmedia":[{"embeddable":true,"href":"https:\/\/shop.iproff.ee\/ru\/wp-json\/wp\/v2\/media\/57121"}],"wp:attachment":[{"href":"https:\/\/shop.iproff.ee\/ru\/wp-json\/wp\/v2\/media?parent=56885"}],"wp:term":[{"taxonomy":"product_cat","embeddable":true,"href":"https:\/\/shop.iproff.ee\/ru\/wp-json\/wp\/v2\/product_cat?post=56885"},{"taxonomy":"product_tag","embeddable":true,"href":"https:\/\/shop.iproff.ee\/ru\/wp-json\/wp\/v2\/product_tag?post=56885"}],"curies":[{"name":"wp","href":"https:\/\/api.w.org\/{rel}","templated":true}]}}