{"id":56864,"date":"2026-01-30T12:02:01","date_gmt":"2026-01-30T12:02:01","guid":{"rendered":"https:\/\/shop.iproff.ee\/?post_type=product&#038;p=56864"},"modified":"2026-04-06T12:44:39","modified_gmt":"2026-04-06T12:44:39","slug":"kasutatud-apple-iphone-15-256gb-blue-grade-a","status":"publish","type":"product","link":"https:\/\/shop.iproff.ee\/ru\/product\/kasutatud-apple-iphone-15-256gb-blue-grade-a\/","title":{"rendered":"Kasutatud Apple iPhone 15 256GB &#8212; Blue (Grade A+)"},"content":{"rendered":"<p>K\u00f5ik \u00fclej\u00e4\u00e4nud funktsioonid t\u00f6\u00f6tavad laitmatult.<br \/>\nBattery Health: 100%<br \/>\nUuev\u00e4\u00e4rne telefon. Kriimuvaba ning uue originaal akuga!<\/p>\n<p>Seadmele kehtib 12 kuuline garantiiperiood.<\/p>\n<p>Pakume samuti ka v\u00f5imalust tasuda mugavalt osade kaupa ESTO intressivaba j\u00e4relmaksuga.<\/p>\n<p>&nbsp;<\/p>\n<p>https:\/\/www.ounaturg.ee\/65402-iphone-15<\/p>\n<p>&nbsp;<\/p>\n","protected":false},"excerpt":{"rendered":"<p>K\u00f5ik \u00fclej\u00e4\u00e4nud funktsioonid t\u00f6\u00f6tavad laitmatult. Battery Health: 100% Uuev\u00e4\u00e4rne telefon. Kriimuvaba ning uue originaal akuga! Seadmele kehtib 12 kuuline garantiiperiood. Pakume samuti ka v\u00f5imalust tasuda mugavalt osade kaupa ESTO intressivaba j\u00e4relmaksuga. &nbsp; https:\/\/www.ounaturg.ee\/65402-iphone-15 &nbsp;<\/p>\n","protected":false},"featured_media":57329,"template":"","meta":{"_acf_changed":false},"product_cat":[689,692],"product_tag":[],"class_list":{"0":"post-56864","1":"product","2":"type-product","3":"status-publish","4":"has-post-thumbnail","6":"product_cat-kasutatud-seadmed","7":"product_cat-kasutatud-telefonid-1","9":"first","10":"instock","11":"taxable","12":"shipping-taxable","13":"purchasable","14":"product-type-simple"},"acf":[],"_links":{"self":[{"href":"https:\/\/shop.iproff.ee\/ru\/wp-json\/wp\/v2\/product\/56864","targetHints":{"allow":["GET"]}}],"collection":[{"href":"https:\/\/shop.iproff.ee\/ru\/wp-json\/wp\/v2\/product"}],"about":[{"href":"https:\/\/shop.iproff.ee\/ru\/wp-json\/wp\/v2\/types\/product"}],"wp:featuredmedia":[{"embeddable":true,"href":"https:\/\/shop.iproff.ee\/ru\/wp-json\/wp\/v2\/media\/57329"}],"wp:attachment":[{"href":"https:\/\/shop.iproff.ee\/ru\/wp-json\/wp\/v2\/media?parent=56864"}],"wp:term":[{"taxonomy":"product_cat","embeddable":true,"href":"https:\/\/shop.iproff.ee\/ru\/wp-json\/wp\/v2\/product_cat?post=56864"},{"taxonomy":"product_tag","embeddable":true,"href":"https:\/\/shop.iproff.ee\/ru\/wp-json\/wp\/v2\/product_tag?post=56864"}],"curies":[{"name":"wp","href":"https:\/\/api.w.org\/{rel}","templated":true}]}}