{"id":56787,"date":"2026-01-30T08:01:32","date_gmt":"2026-01-30T08:01:32","guid":{"rendered":"https:\/\/shop.iproff.ee\/?post_type=product&#038;p=56787"},"modified":"2026-03-19T15:43:02","modified_gmt":"2026-03-19T15:43:02","slug":"kasutatud-apple-iphone-12-128gb-white-grade-a","status":"publish","type":"product","link":"https:\/\/shop.iproff.ee\/ru\/product\/kasutatud-apple-iphone-12-128gb-white-grade-a\/","title":{"rendered":"Kasutatud Apple iPhone 12 128GB &#8212; White (Grade A+)"},"content":{"rendered":"<p>&nbsp;<\/p>\n<p>K\u00f5ik muud funktsioonid t\u00f6\u00f6tavad laitmatult.<br \/>\nBattery Health: 100%<br \/>\nIdeaalses seisundis telefon. M\u00f5ni v\u00e4iksem kriim ekraani \u00e4\u00e4res.<\/p>\n<p>Seadmele kehtib 12 kuuline garantiiperiood.<\/p>\n<p>Pakume samuti ka v\u00f5imalust tasuda mugavalt osade kaupa ESTO intressivaba j\u00e4relmaksuga.<\/p>\n<p>https:\/\/www.ounaturg.ee\/65285-iphone-12<\/p>\n","protected":false},"excerpt":{"rendered":"<p>&nbsp; K\u00f5ik muud funktsioonid t\u00f6\u00f6tavad laitmatult. Battery Health: 100% Ideaalses seisundis telefon. M\u00f5ni v\u00e4iksem kriim ekraani \u00e4\u00e4res. Seadmele kehtib 12 kuuline garantiiperiood. Pakume samuti ka v\u00f5imalust tasuda mugavalt osade kaupa ESTO intressivaba j\u00e4relmaksuga. https:\/\/www.ounaturg.ee\/65285-iphone-12<\/p>\n","protected":false},"featured_media":57312,"template":"","meta":{"_acf_changed":false},"product_cat":[689,692],"product_tag":[],"class_list":{"0":"post-56787","1":"product","2":"type-product","3":"status-publish","4":"has-post-thumbnail","6":"product_cat-kasutatud-seadmed","7":"product_cat-kasutatud-telefonid-1","9":"first","10":"instock","11":"taxable","12":"shipping-taxable","13":"purchasable","14":"product-type-simple"},"acf":[],"_links":{"self":[{"href":"https:\/\/shop.iproff.ee\/ru\/wp-json\/wp\/v2\/product\/56787","targetHints":{"allow":["GET"]}}],"collection":[{"href":"https:\/\/shop.iproff.ee\/ru\/wp-json\/wp\/v2\/product"}],"about":[{"href":"https:\/\/shop.iproff.ee\/ru\/wp-json\/wp\/v2\/types\/product"}],"wp:featuredmedia":[{"embeddable":true,"href":"https:\/\/shop.iproff.ee\/ru\/wp-json\/wp\/v2\/media\/57312"}],"wp:attachment":[{"href":"https:\/\/shop.iproff.ee\/ru\/wp-json\/wp\/v2\/media?parent=56787"}],"wp:term":[{"taxonomy":"product_cat","embeddable":true,"href":"https:\/\/shop.iproff.ee\/ru\/wp-json\/wp\/v2\/product_cat?post=56787"},{"taxonomy":"product_tag","embeddable":true,"href":"https:\/\/shop.iproff.ee\/ru\/wp-json\/wp\/v2\/product_tag?post=56787"}],"curies":[{"name":"wp","href":"https:\/\/api.w.org\/{rel}","templated":true}]}}