{"id":56735,"date":"2026-01-30T07:29:58","date_gmt":"2026-01-30T07:29:58","guid":{"rendered":"https:\/\/shop.iproff.ee\/?post_type=product&#038;p=56735"},"modified":"2026-03-14T12:28:27","modified_gmt":"2026-03-14T12:28:27","slug":"kasutatud-apple-iphone-15-pro-max-256gb-blue-titanium-grade-a","status":"publish","type":"product","link":"https:\/\/shop.iproff.ee\/ru\/product\/kasutatud-apple-iphone-15-pro-max-256gb-blue-titanium-grade-a\/","title":{"rendered":"Kasutatud Apple iPhone 15 Pro Max 256GB &#8212; Blue Titanium (Grade A+)"},"content":{"rendered":"<p style=\"text-align: left\">K\u00f5ik funktsioonid t\u00f6\u00f6tavad laitmatult.<\/p>\n<p>Battery Health: 88%<\/p>\n<p>Ekraan kriimuvaba. V\u00e4ga heas seisundis telefon. Soovi korral paigaldame uue Apple originaal aku &#8212; +90\u20ac<\/p>\n<p>&nbsp;<\/p>\n<p>&nbsp;<\/p>\n<p>&nbsp;<\/p>\n<p style=\"text-align: left\">Seadmele kehtib 12 kuuline garantiiperiood.<\/p>\n<p>&nbsp;<\/p>\n<p style=\"text-align: left\">Pakume samuti ka v\u00f5imalust tasuda mugavalt osade kaupa ESTO intressivaba j\u00e4relmaksuga.<\/p>\n<p>https:\/\/www.ounaturg.ee\/65234-iphone-15-pro-max<\/p>\n<p style=\"text-align: left\">\n","protected":false},"excerpt":{"rendered":"<p>K\u00f5ik funktsioonid t\u00f6\u00f6tavad laitmatult. Battery Health: 88% Ekraan kriimuvaba. V\u00e4ga heas seisundis telefon. Soovi korral paigaldame uue Apple originaal aku &#8212; +90\u20ac &nbsp; &nbsp; &nbsp; Seadmele kehtib 12 kuuline garantiiperiood. &nbsp; Pakume samuti ka v\u00f5imalust tasuda mugavalt osade kaupa ESTO intressivaba j\u00e4relmaksuga. https:\/\/www.ounaturg.ee\/65234-iphone-15-pro-max<\/p>\n","protected":false},"featured_media":57298,"template":"","meta":{"_acf_changed":false},"product_cat":[689,692],"product_tag":[],"class_list":{"0":"post-56735","1":"product","2":"type-product","3":"status-publish","4":"has-post-thumbnail","6":"product_cat-kasutatud-seadmed","7":"product_cat-kasutatud-telefonid-1","9":"first","10":"instock","11":"featured","12":"taxable","13":"shipping-taxable","14":"purchasable","15":"product-type-simple"},"acf":[],"_links":{"self":[{"href":"https:\/\/shop.iproff.ee\/ru\/wp-json\/wp\/v2\/product\/56735","targetHints":{"allow":["GET"]}}],"collection":[{"href":"https:\/\/shop.iproff.ee\/ru\/wp-json\/wp\/v2\/product"}],"about":[{"href":"https:\/\/shop.iproff.ee\/ru\/wp-json\/wp\/v2\/types\/product"}],"wp:featuredmedia":[{"embeddable":true,"href":"https:\/\/shop.iproff.ee\/ru\/wp-json\/wp\/v2\/media\/57298"}],"wp:attachment":[{"href":"https:\/\/shop.iproff.ee\/ru\/wp-json\/wp\/v2\/media?parent=56735"}],"wp:term":[{"taxonomy":"product_cat","embeddable":true,"href":"https:\/\/shop.iproff.ee\/ru\/wp-json\/wp\/v2\/product_cat?post=56735"},{"taxonomy":"product_tag","embeddable":true,"href":"https:\/\/shop.iproff.ee\/ru\/wp-json\/wp\/v2\/product_tag?post=56735"}],"curies":[{"name":"wp","href":"https:\/\/api.w.org\/{rel}","templated":true}]}}