{"id":56447,"date":"2025-12-06T10:14:19","date_gmt":"2025-12-06T10:14:19","guid":{"rendered":"https:\/\/shop.iproff.ee\/?post_type=product&#038;p=56447"},"modified":"2026-02-04T14:21:58","modified_gmt":"2026-02-04T14:21:58","slug":"apple-iphone-17-256gb-sage-green","status":"publish","type":"product","link":"https:\/\/shop.iproff.ee\/ru\/product\/apple-iphone-17-256gb-sage-green\/","title":{"rendered":"Apple iPhone 17 256GB &#8212; Sage Green"},"content":{"rendered":"<p>Tarneaeg 1 n\u00e4dal!<\/p>\n<p><strong>Esmasp\u00e4ev \u2013 Reede<\/strong> 9:00-19:00<br \/>\n<strong>Laup\u00e4ev<\/strong> 11:00-15:00<br \/>\n(Tartu mnt 50A, Tallinn)<\/p>\n<p>&nbsp;<\/p>\n<h2 data-start=\"167\" data-end=\"216\"><strong data-start=\"170\" data-end=\"216\">iPhone 17 \u2013 uus tase disainis ja j\u00f5udluses<\/strong><\/h2>\n<p data-start=\"218\" data-end=\"467\">iPhone 17 toob endaga kaasa v\u00e4rske disaini: pehmemad kontuurid, eriti \u00f5hukesed \u00e4\u00e4red ja vastupidavad materjalid muudavad telefoni nii kauniks kui ka kauakestvaks. Ceramic Shield 2 esiklaas pakub veelgi paremat kaitset igap\u00e4evaste kriimustuste vastu.<\/p>\n<p data-start=\"469\" data-end=\"702\">Uus 6,3-tolline Super Retina XDR ekraan avab rohkem ruumi k\u00f5igele, mis sulle oluline. ProMotion-tehnoloogia kohandub kasutusega ning pakub kuni 120 Hz v\u00e4rskendussagedust \u2013 tulemuseks on eriti sujuv kerimine ja nauditavam m\u00e4nguelamus.<\/p>\n<h3 data-start=\"704\" data-end=\"724\"><strong data-start=\"708\" data-end=\"724\">P\u00f5hiomadused<\/strong><\/h3>\n<ul data-start=\"725\" data-end=\"1802\">\n<li data-start=\"725\" data-end=\"848\">\n<p data-start=\"727\" data-end=\"848\"><strong data-start=\"727\" data-end=\"764\">Eriti ere Super Retina XDR ekraan<\/strong> koos kuni 120 Hz ProMotioniga tagab loomuliku liikumise ja suurep\u00e4rase kontrasti.<\/p>\n<\/li>\n<li data-start=\"849\" data-end=\"946\">\n<p data-start=\"851\" data-end=\"946\"><strong data-start=\"851\" data-end=\"880\">Ceramic Shield 2 esiklaas<\/strong> \u2013 kuni 3\u00d7 parem vastupidavus v\u00f5rreldes varasemate lahendustega.<\/p>\n<\/li>\n<li data-start=\"947\" data-end=\"1067\">\n<p data-start=\"949\" data-end=\"1067\"><strong data-start=\"949\" data-end=\"988\">Uuendatud Center Stage\u2019i esikaamera<\/strong>, mis seab sind alati t\u00e4iuslikult kaadrisse ning teeb nutikaid grupiselfisid.<\/p>\n<\/li>\n<li data-start=\"1068\" data-end=\"1175\">\n<p data-start=\"1070\" data-end=\"1175\"><strong data-start=\"1070\" data-end=\"1106\">48 MP Dual Fusion kaameras\u00fcsteem<\/strong> v\u00f5imaldab j\u00e4\u00e4dvustada detailseid fotosid nii l\u00e4hedalt kui kaugelt.<\/p>\n<\/li>\n<li data-start=\"1176\" data-end=\"1286\">\n<p data-start=\"1178\" data-end=\"1286\"><strong data-start=\"1178\" data-end=\"1190\">A19 kiip<\/strong> koos energiat\u00f5husa disainiga tagab pika kasutusaja ja v\u00f5imsa j\u00f5udluse k\u00f5igi rakenduste jaoks.<\/p>\n<\/li>\n<li data-start=\"1287\" data-end=\"1348\">\n<p data-start=\"1289\" data-end=\"1348\"><strong data-start=\"1289\" data-end=\"1299\">iOS 26<\/strong> \u2013 v\u00e4rske v\u00e4limus ja uued nutikad funktsioonid.<\/p>\n<\/li>\n<li data-start=\"1349\" data-end=\"1450\">\n<p data-start=\"1351\" data-end=\"1450\"><strong data-start=\"1351\" data-end=\"1373\">Apple Intelligence<\/strong> aitab luua pilte, t\u00f5lkida reaalajas ja automatiseerida igap\u00e4evatoiminguid.<\/p>\n<\/li>\n<li data-start=\"1451\" data-end=\"1547\">\n<p data-start=\"1453\" data-end=\"1547\">Samaaegne salvestus <strong data-start=\"1473\" data-end=\"1498\">esi- ja tagakaameraga<\/strong>, et j\u00e4\u00e4dvustada nii ennast kui ka \u00fcmbritsevat.<\/p>\n<\/li>\n<li data-start=\"1548\" data-end=\"1604\">\n<p data-start=\"1550\" data-end=\"1604\"><strong data-start=\"1550\" data-end=\"1564\">USB-C port<\/strong> mugavaks laadimiseks ja \u00fchendamiseks.<\/p>\n<\/li>\n<li data-start=\"1605\" data-end=\"1682\">\n<p data-start=\"1607\" data-end=\"1682\"><strong data-start=\"1607\" data-end=\"1641\">Kuni 30 tundi videotaasesitust<\/strong> \u2013 terve p\u00e4eva aku kestvus on standard.<\/p>\n<\/li>\n<li data-start=\"1683\" data-end=\"1721\">\n<p data-start=\"1685\" data-end=\"1721\"><strong data-start=\"1685\" data-end=\"1696\">Face ID<\/strong> turvaliseks avamiseks.<\/p>\n<\/li>\n<li data-start=\"1722\" data-end=\"1741\">\n<p data-start=\"1724\" data-end=\"1741\">Kaal: <strong data-start=\"1730\" data-end=\"1739\">177 g<\/strong><\/p>\n<\/li>\n<li data-start=\"1742\" data-end=\"1802\">\n<p data-start=\"1744\" data-end=\"1802\"><em data-start=\"1744\" data-end=\"1802\">Pange t\u00e4hele: laadija ja k\u00f5rvaklapid ei kuulu komplekti.<\/em><\/p>\n<\/li>\n<\/ul>\n<h3 data-start=\"1804\" data-end=\"1823\"><strong data-start=\"1808\" data-end=\"1823\">Komplektis:<\/strong><\/h3>\n<ul data-start=\"1824\" data-end=\"1888\">\n<li data-start=\"1824\" data-end=\"1837\">\n<p data-start=\"1826\" data-end=\"1837\">iPhone 17<\/p>\n<\/li>\n<li data-start=\"1838\" data-end=\"1868\">\n<p data-start=\"1840\" data-end=\"1868\">USB-C laadimiskaabel (1 m)<\/p>\n<\/li>\n<li data-start=\"1869\" data-end=\"1888\">\n<p data-start=\"1871\" data-end=\"1888\">Dokumentatsioon<\/p>\n<\/li>\n<\/ul>\n","protected":false},"excerpt":{"rendered":"<p>Tarneaeg 1 n\u00e4dal! Esmasp\u00e4ev \u2013 Reede 9:00-19:00 Laup\u00e4ev 11:00-15:00 (Tartu mnt 50A, Tallinn) &nbsp; iPhone 17 \u2013 uus tase disainis ja j\u00f5udluses iPhone 17 toob endaga kaasa v\u00e4rske disaini: pehmemad kontuurid, eriti \u00f5hukesed \u00e4\u00e4red ja vastupidavad materjalid muudavad telefoni nii kauniks kui ka kauakestvaks. Ceramic Shield 2 esiklaas pakub veelgi paremat kaitset igap\u00e4evaste kriimustuste vastu. [&hellip;]<\/p>\n","protected":false},"featured_media":56518,"template":"","meta":{"_acf_changed":false},"product_cat":[677,673,152,159],"product_tag":[],"class_list":{"0":"post-56447","1":"product","2":"type-product","3":"status-publish","4":"has-post-thumbnail","6":"product_cat-256gb-9","7":"product_cat-iphone-17-2","8":"product_cat-nutitelefonid","9":"product_cat-apple","11":"first","12":"onbackorder","13":"taxable","14":"shipping-taxable","15":"purchasable","16":"product-type-simple"},"acf":[],"_links":{"self":[{"href":"https:\/\/shop.iproff.ee\/ru\/wp-json\/wp\/v2\/product\/56447","targetHints":{"allow":["GET"]}}],"collection":[{"href":"https:\/\/shop.iproff.ee\/ru\/wp-json\/wp\/v2\/product"}],"about":[{"href":"https:\/\/shop.iproff.ee\/ru\/wp-json\/wp\/v2\/types\/product"}],"wp:featuredmedia":[{"embeddable":true,"href":"https:\/\/shop.iproff.ee\/ru\/wp-json\/wp\/v2\/media\/56518"}],"wp:attachment":[{"href":"https:\/\/shop.iproff.ee\/ru\/wp-json\/wp\/v2\/media?parent=56447"}],"wp:term":[{"taxonomy":"product_cat","embeddable":true,"href":"https:\/\/shop.iproff.ee\/ru\/wp-json\/wp\/v2\/product_cat?post=56447"},{"taxonomy":"product_tag","embeddable":true,"href":"https:\/\/shop.iproff.ee\/ru\/wp-json\/wp\/v2\/product_tag?post=56447"}],"curies":[{"name":"wp","href":"https:\/\/api.w.org\/{rel}","templated":true}]}}