{"id":56400,"date":"2025-12-01T13:22:43","date_gmt":"2025-12-01T13:22:43","guid":{"rendered":"https:\/\/shop.iproff.ee\/?post_type=product&#038;p=56400"},"modified":"2026-04-06T08:01:39","modified_gmt":"2026-04-06T08:01:39","slug":"apple-airpods-pro-3","status":"publish","type":"product","link":"https:\/\/shop.iproff.ee\/ru\/product\/apple-airpods-pro-3\/","title":{"rendered":"Apple AirPods Pro 3"},"content":{"rendered":"<p>Kohapeal olemas!<\/p>\n<p><strong>Esmasp\u00e4ev \u2013 Reede<\/strong> 9:00-19:00<br \/>\n<strong>Laup\u00e4ev<\/strong> 11:00-15:00<br \/>\n(Tartu mnt 50A, Tallinn)<\/p>\n<p data-start=\"186\" data-end=\"614\">Tutvustame k\u00f5rvaklappe, mis pakuvad turu k\u00f5ige t\u00f5husamat k\u00f5rvasisest aktiivset m\u00fcrasummutust ning tagavad erakordselt kaasahaarava kuulamiskogemuse. AirPods Pro 3 uue p\u00f5lvkonna t\u00e4iustatud akustiline tihend kohandub nutikalt teie \u00fcmbruse ja kuulamiseelistustega. V\u00e4rskendatud \u00fclivaiksed mikrofonid v\u00e4hendavad soovimatuid helisid veelgi t\u00f5husamalt, et kuuleksite just seda, mida soovite \u2013 ilma segajateta.<br \/>\nPeamised omadused:<br \/>\nAktiivne m\u00fcrasummutus: kuni kaks korda t\u00f5husam kui AirPods Pro 2 ja kuni neli korda parem kui esimene p\u00f5lvkond.<br \/>\nH\u00e4\u00e4le isoleerimine: k\u00f5nede ajal eristatakse teie h\u00e4\u00e4l taustam\u00fcrast, tagades selge suhtluse igas olukorras \u2013 olgu te bussis, kontoris v\u00f5i kohvikus.<br \/>\nAdaptiivne heli: \u00fchendab edasiarendatud m\u00fcrasummutuse ja loomuliku l\u00e4bikuuldavuse, et kohanduda teie keskkonnaga ja t\u00f5sta esile just need helid, mida peate parasjagu kuulma.<br \/>\nVestluse tuvastamine: k\u00f5rvaklapid tunnevad \u00e4ra, kui hakkate r\u00e4\u00e4kima, ja v\u00e4hendavad automaatselt taasesituse helitugevust. P\u00e4rast vestlust taastub see algsele tasemele.<br \/>\nUus pulsiandur: v\u00f5imaldab j\u00e4lgida pulssi ja hinnata treeningu ajal kulutatud kalorite hulka.<br \/>\nViis uut k\u00f5rvaotsikut: komplektis on ka XXS-suurus; silikooni ja \u00f5hukese vahukihi kombinatsioon pakub paremat mugavust ja akustikat.<br \/>\nIP57 kaitseklass: tolmu-, higi- ja veekindel konstruktsioon.<br \/>\nAku kestvus: kuni 8 tundi aktiivse m\u00fcrasummutusega ning kuni 10 tundi l\u00e4bikuuldavusre\u017eiimis kuuldeaparaadi funktsiooniga.<br \/>\nLaadimine: \u00fchilduv MagSafe\u2019i, Apple Watchi, Qi-sertifitseeritud laadijate ning USB-C-ga. Laadimiskarp sisaldab ka k\u00f5larit Find My funktsiooni jaoks.<br \/>\nKomplektis:<br \/>\nAirPods Pro 3 k\u00f5rvaklapid<br \/>\nMagSafe Charging Case (USB-C), k\u00f5lari ja paelakinnitusega<br \/>\nSilikoonist k\u00f5rvaotsikud (XXS, XS, S, M, L)<br \/>\nDokumentatsioon<br \/>\nNB! USB-C laadimisjuhe ei kuulu komplekti ja on saadaval eraldi.<\/p>\n","protected":false},"excerpt":{"rendered":"<p>Kohapeal olemas! Esmasp\u00e4ev \u2013 Reede 9:00-19:00 Laup\u00e4ev 11:00-15:00 (Tartu mnt 50A, Tallinn) Tutvustame k\u00f5rvaklappe, mis pakuvad turu k\u00f5ige t\u00f5husamat k\u00f5rvasisest aktiivset m\u00fcrasummutust ning tagavad erakordselt kaasahaarava kuulamiskogemuse. AirPods Pro 3 uue p\u00f5lvkonna t\u00e4iustatud akustiline tihend kohandub nutikalt teie \u00fcmbruse ja kuulamiseelistustega. V\u00e4rskendatud \u00fclivaiksed mikrofonid v\u00e4hendavad soovimatuid helisid veelgi t\u00f5husamalt, et kuuleksite just seda, mida soovite [&hellip;]<\/p>\n","protected":false},"featured_media":56566,"template":"","meta":{"_acf_changed":false},"product_cat":[653,237],"product_tag":[],"class_list":{"0":"post-56400","1":"product","2":"type-product","3":"status-publish","4":"has-post-thumbnail","6":"product_cat-airpods","7":"product_cat-korvaklapid","9":"first","10":"onbackorder","11":"featured","12":"taxable","13":"shipping-taxable","14":"purchasable","15":"product-type-simple"},"acf":[],"_links":{"self":[{"href":"https:\/\/shop.iproff.ee\/ru\/wp-json\/wp\/v2\/product\/56400","targetHints":{"allow":["GET"]}}],"collection":[{"href":"https:\/\/shop.iproff.ee\/ru\/wp-json\/wp\/v2\/product"}],"about":[{"href":"https:\/\/shop.iproff.ee\/ru\/wp-json\/wp\/v2\/types\/product"}],"wp:featuredmedia":[{"embeddable":true,"href":"https:\/\/shop.iproff.ee\/ru\/wp-json\/wp\/v2\/media\/56566"}],"wp:attachment":[{"href":"https:\/\/shop.iproff.ee\/ru\/wp-json\/wp\/v2\/media?parent=56400"}],"wp:term":[{"taxonomy":"product_cat","embeddable":true,"href":"https:\/\/shop.iproff.ee\/ru\/wp-json\/wp\/v2\/product_cat?post=56400"},{"taxonomy":"product_tag","embeddable":true,"href":"https:\/\/shop.iproff.ee\/ru\/wp-json\/wp\/v2\/product_tag?post=56400"}],"curies":[{"name":"wp","href":"https:\/\/api.w.org\/{rel}","templated":true}]}}