{"id":56162,"date":"2025-03-17T08:22:41","date_gmt":"2025-03-17T08:22:41","guid":{"rendered":"https:\/\/shop.iproff.ee\/?post_type=product&#038;p=56162"},"modified":"2025-12-01T13:28:52","modified_gmt":"2025-12-01T13:28:52","slug":"apple-iphone-16e-256gb-white","status":"publish","type":"product","link":"https:\/\/shop.iproff.ee\/ru\/product\/apple-iphone-16e-256gb-white\/","title":{"rendered":"Apple iPhone 16e 256GB &#8212; White"},"content":{"rendered":"<p class=\"p1\"><b>iPhone 16e. Uusim iPhone, suurep\u00e4rase hinnaga!<\/b><b><\/b><\/p>\n<p class=\"p2\">Elegantne must v\u00f5i valge alumiiniumkorpus talub elu ootamatusi. V\u00f5imsad omadused:<\/p>\n<p class=\"p3\">\u2022A18 kiip ja 16-tuumaline Neural Engine<\/p>\n<p class=\"p3\">\u20226,1\u201d Super Retina XDR OLED ekraan<\/p>\n<p class=\"p3\">\u202248MP Fusion kaameras\u00fcsteem, 10x digitaalne zoom<\/p>\n<p class=\"p3\">\u2022Kerge ja vastupidav disain. \u201cCeramic Shield\u201d esik\u00fclg, klaasist tagak\u00fclg.<\/p>\n<p class=\"p3\">\u2022USB-C port, kuni 26 tundi videot, Face ID<\/p>\n<p class=\"p3\">\u2022Kaal: 167 g<\/p>\n<p class=\"p2\"><i>Pakendis pole laadijat ega k\u00f5rvaklappe!<\/i><i><\/i><\/p>\n<p class=\"p2\"><span class=\"s1\"><b>Karbis:<\/b><\/span> iPhone 16e, USB-C kaabel (1 m), dokumentatsioon.<\/p>\n","protected":false},"excerpt":{"rendered":"<p>iPhone 16e. Uusim iPhone, suurep\u00e4rase hinnaga! Elegantne must v\u00f5i valge alumiiniumkorpus talub elu ootamatusi. V\u00f5imsad omadused: \u2022A18 kiip ja 16-tuumaline Neural Engine \u20226,1\u201d Super Retina XDR OLED ekraan \u202248MP Fusion kaameras\u00fcsteem, 10x digitaalne zoom \u2022Kerge ja vastupidav disain. \u201cCeramic Shield\u201d esik\u00fclg, klaasist tagak\u00fclg. \u2022USB-C port, kuni 26 tundi videot, Face ID \u2022Kaal: 167 g Pakendis [&hellip;]<\/p>\n","protected":false},"featured_media":56180,"template":"","meta":{"_acf_changed":false},"product_cat":[662,660,159],"product_tag":[],"class_list":{"0":"post-56162","1":"product","2":"type-product","3":"status-publish","4":"has-post-thumbnail","6":"product_cat-256gb-13","7":"product_cat-iphone-16e","8":"product_cat-apple","10":"first","11":"onbackorder","12":"taxable","13":"shipping-taxable","14":"purchasable","15":"product-type-simple"},"acf":[],"_links":{"self":[{"href":"https:\/\/shop.iproff.ee\/ru\/wp-json\/wp\/v2\/product\/56162","targetHints":{"allow":["GET"]}}],"collection":[{"href":"https:\/\/shop.iproff.ee\/ru\/wp-json\/wp\/v2\/product"}],"about":[{"href":"https:\/\/shop.iproff.ee\/ru\/wp-json\/wp\/v2\/types\/product"}],"wp:featuredmedia":[{"embeddable":true,"href":"https:\/\/shop.iproff.ee\/ru\/wp-json\/wp\/v2\/media\/56180"}],"wp:attachment":[{"href":"https:\/\/shop.iproff.ee\/ru\/wp-json\/wp\/v2\/media?parent=56162"}],"wp:term":[{"taxonomy":"product_cat","embeddable":true,"href":"https:\/\/shop.iproff.ee\/ru\/wp-json\/wp\/v2\/product_cat?post=56162"},{"taxonomy":"product_tag","embeddable":true,"href":"https:\/\/shop.iproff.ee\/ru\/wp-json\/wp\/v2\/product_tag?post=56162"}],"curies":[{"name":"wp","href":"https:\/\/api.w.org\/{rel}","templated":true}]}}