{"id":56131,"date":"2025-03-14T14:50:01","date_gmt":"2025-03-14T14:50:01","guid":{"rendered":"https:\/\/shop.iproff.ee\/?post_type=product&#038;p=56131"},"modified":"2025-03-14T14:53:54","modified_gmt":"2025-03-14T14:53:54","slug":"airpods-4","status":"publish","type":"product","link":"https:\/\/shop.iproff.ee\/ru\/product\/airpods-4\/","title":{"rendered":"AirPods 4"},"content":{"rendered":"<p class=\"p1\">AirPods 4 \u2013 J\u00e4rgmine tase heli ja mugavuse maailmas! N\u00fc\u00fcd koos isikup\u00e4rastatud Spatial Audioga ja kuni 5-tunnise kuulamisajaga.<\/p>\n<p class=\"p3\"><b>Peamised funktsioonid:<\/b><b><\/b><\/p>\n<p class=\"p4\">\u2022<span class=\"s1\"><b>Isikup\u00e4rastatud Spatial Audio<\/b><\/span> d\u00fcnaamilise peaj\u00e4lgimisega \u2013 t\u00e4ielik ruumiline heli igas olukorras.<\/p>\n<p class=\"p4\">\u2022<span class=\"s1\"><b>Voice Isolation tehnoloogia<\/b><\/span> tagab kristallselged telefonik\u00f5ned ja uue k\u00e4ed-vaba Siriga suhtlemise v\u00f5imaluse.<\/p>\n<p class=\"p4\">\u2022<span class=\"s1\"><b>Uuenduslik akustiline arhitektuur:<\/b><\/span> Apple\u2019i loodud madala moonutusega draiver koos suure d\u00fcnaamilise ulatusega v\u00f5imendiga. Tulemus? V\u00f5rratu helikvaliteet s\u00fcgava bassi ja kirkate k\u00f5rgemate helidega.<\/p>\n<p class=\"p4\">\u2022<span class=\"s1\"><b>Adaptive EQ:<\/b><\/span> Muusika kohandub automaatselt sinu k\u00f5rvadele, pakkudes igas loos rikkalikke detaile.<\/p>\n<p class=\"p4\">\u2022<span class=\"s1\"><b>IP54 hinnang:<\/b><\/span> Tolmu-, higi- ja veekindel disain, mis sobib aktiivseks eluviisiks.<\/p>\n<p class=\"p4\">\u2022<span class=\"s1\"><b>T\u00e4iustatud puutesensor:<\/b><\/span> Uus puutesensoriga vars v\u00f5imaldab muusikat ja k\u00f5nesid juhtida vaid n\u00e4puotsaga.<\/p>\n<p class=\"p4\">\u2022<span class=\"s1\"><b>Aku kestvus:<\/b><\/span> Kuni 5 tundi kuulamisaega ja kuni 30 tundi koos MagSafe laadimis\u00fcmbrisega.<\/p>\n<p class=\"p5\"><span class=\"s2\"> \u2022 <\/span><b>Laadimiskarp USB-C \u00fchendusega:<\/b><span class=\"s2\"> Mugav ja kiire laadimine.<\/span><\/p>\n<p class=\"p1\">Avasta erakordne kuulamiskogemus AirPods 4-ga!<\/p>\n","protected":false},"excerpt":{"rendered":"<p>AirPods 4 \u2013 J\u00e4rgmine tase heli ja mugavuse maailmas! N\u00fc\u00fcd koos isikup\u00e4rastatud Spatial Audioga ja kuni 5-tunnise kuulamisajaga. Peamised funktsioonid: \u2022Isikup\u00e4rastatud Spatial Audio d\u00fcnaamilise peaj\u00e4lgimisega \u2013 t\u00e4ielik ruumiline heli igas olukorras. \u2022Voice Isolation tehnoloogia tagab kristallselged telefonik\u00f5ned ja uue k\u00e4ed-vaba Siriga suhtlemise v\u00f5imaluse. \u2022Uuenduslik akustiline arhitektuur: Apple\u2019i loodud madala moonutusega draiver koos suure d\u00fcnaamilise ulatusega [&hellip;]<\/p>\n","protected":false},"featured_media":56125,"template":"","meta":{"_acf_changed":false},"product_cat":[653,237],"product_tag":[],"class_list":{"0":"post-56131","1":"product","2":"type-product","3":"status-publish","4":"has-post-thumbnail","6":"product_cat-airpods","7":"product_cat-korvaklapid","9":"first","10":"onbackorder","11":"taxable","12":"shipping-taxable","13":"purchasable","14":"product-type-simple"},"acf":[],"_links":{"self":[{"href":"https:\/\/shop.iproff.ee\/ru\/wp-json\/wp\/v2\/product\/56131","targetHints":{"allow":["GET"]}}],"collection":[{"href":"https:\/\/shop.iproff.ee\/ru\/wp-json\/wp\/v2\/product"}],"about":[{"href":"https:\/\/shop.iproff.ee\/ru\/wp-json\/wp\/v2\/types\/product"}],"wp:featuredmedia":[{"embeddable":true,"href":"https:\/\/shop.iproff.ee\/ru\/wp-json\/wp\/v2\/media\/56125"}],"wp:attachment":[{"href":"https:\/\/shop.iproff.ee\/ru\/wp-json\/wp\/v2\/media?parent=56131"}],"wp:term":[{"taxonomy":"product_cat","embeddable":true,"href":"https:\/\/shop.iproff.ee\/ru\/wp-json\/wp\/v2\/product_cat?post=56131"},{"taxonomy":"product_tag","embeddable":true,"href":"https:\/\/shop.iproff.ee\/ru\/wp-json\/wp\/v2\/product_tag?post=56131"}],"curies":[{"name":"wp","href":"https:\/\/api.w.org\/{rel}","templated":true}]}}