{"id":56124,"date":"2025-03-14T14:49:30","date_gmt":"2025-03-14T14:49:30","guid":{"rendered":"https:\/\/shop.iproff.ee\/?post_type=product&#038;p=56124"},"modified":"2025-03-14T14:56:14","modified_gmt":"2025-03-14T14:56:14","slug":"airpods-4-with-active-noise-cancellation","status":"publish","type":"product","link":"https:\/\/shop.iproff.ee\/ru\/product\/airpods-4-with-active-noise-cancellation\/","title":{"rendered":"AirPods 4 with Active Noise Cancellation"},"content":{"rendered":"<div>AirPods 4 koos aktiivse m\u00fcrasummutusega \u2013 j\u00e4rgmine samm parema heli ja mugavuse poole. N\u00fc\u00fcd koos isikup\u00e4rastatud Spatial Audioga ja kuni 5-tunnise kuulamisajaga ning aktiivse m\u00fcrasummutusega \u2013 esmakordselt sellise disainiga.<\/div>\n<div><\/div>\n<div>Olulisemad funktsioonid:<\/div>\n<div>\u2022Aktiivne m\u00fcrasummutus, adaptiivne heli ja l\u00e4bikuuldavus re\u017eiim: Naudi t\u00e4ielikku heliisolatsiooni v\u00f5i kuula \u00fcmbritsevat maailma selgelt, vastavalt oma vajadustele.<\/div>\n<div>\u2022Isikup\u00e4rastatud Spatial Audio: D\u00fcnaamiline peaj\u00e4lgimine pakub t\u00e4ielikku ruumilist heli.<\/div>\n<div>\u2022Voice Isolation ja k\u00e4ed-vaba Siri: Kristallselged telefonik\u00f5ned ja mugav Siri kasutamine ilma k\u00e4te abita.<\/div>\n<div>\u2022Mitmek\u00fclgsed laadimisv\u00f5imalused: Kasuta USB-C kaablit, Apple Watchi laadijat v\u00f5i sertifitseeritud Qi juhtmevaba laadijat.<\/div>\n<div>\u2022Uus akustiline arhitektuur: Apple\u2019i loodud madala moonutusega draiver koos suure d\u00fcnaamilise ulatusega v\u00f5imendiga. Tulemuseks on erakordne helikvaliteet s\u00fcgavate basside ja kristallselgete k\u00f5rgemate helidega.<\/div>\n<div>\u2022Adaptive EQ: Muusika h\u00e4\u00e4lestatakse automaatselt vastavalt sinu k\u00f5rvadele, pakkudes rikkalikke detaile igas loos.<\/div>\n<div>\u2022IP54 hinnang: Tolmu-, higi- ja veekindel disain sobib aktiivseks kasutamiseks.<\/div>\n<div>\u2022T\u00e4iustatud puutesensor: Uus puutesensoriga vars v\u00f5imaldab juhtida muusikat, k\u00f5nesid ja kuulamisre\u017eiime vaid \u00fche puudutusega.<\/div>\n<div>\u2022Aku kestvus: Kuni 5 tundi kuulamisaega tavakasutusel ja kuni 4 tundi m\u00fcrasummutusega. Kuni 30 tundi kuulamisaega MagSafe laadimis\u00fcmbrisega ja kuni 20 tundi m\u00fcrasummutusega.<\/div>\n<div>\u2022Laadimiskarp USB-C ja k\u00f5lariga FindMy jaoks: Kiire ja mugav laadimine koos nutika asukohaotsingu v\u00f5imalusega.<\/div>\n","protected":false},"excerpt":{"rendered":"<p>AirPods 4 koos aktiivse m\u00fcrasummutusega \u2013 j\u00e4rgmine samm parema heli ja mugavuse poole. N\u00fc\u00fcd koos isikup\u00e4rastatud Spatial Audioga ja kuni 5-tunnise kuulamisajaga ning aktiivse m\u00fcrasummutusega \u2013 esmakordselt sellise disainiga. Olulisemad funktsioonid: \u2022Aktiivne m\u00fcrasummutus, adaptiivne heli ja l\u00e4bikuuldavus re\u017eiim: Naudi t\u00e4ielikku heliisolatsiooni v\u00f5i kuula \u00fcmbritsevat maailma selgelt, vastavalt oma vajadustele. \u2022Isikup\u00e4rastatud Spatial Audio: D\u00fcnaamiline peaj\u00e4lgimine pakub [&hellip;]<\/p>\n","protected":false},"featured_media":56125,"template":"","meta":{"_acf_changed":false},"product_cat":[653,237],"product_tag":[],"class_list":{"0":"post-56124","1":"product","2":"type-product","3":"status-publish","4":"has-post-thumbnail","6":"product_cat-airpods","7":"product_cat-korvaklapid","9":"first","10":"onbackorder","11":"taxable","12":"shipping-taxable","13":"purchasable","14":"product-type-simple"},"acf":[],"_links":{"self":[{"href":"https:\/\/shop.iproff.ee\/ru\/wp-json\/wp\/v2\/product\/56124","targetHints":{"allow":["GET"]}}],"collection":[{"href":"https:\/\/shop.iproff.ee\/ru\/wp-json\/wp\/v2\/product"}],"about":[{"href":"https:\/\/shop.iproff.ee\/ru\/wp-json\/wp\/v2\/types\/product"}],"wp:featuredmedia":[{"embeddable":true,"href":"https:\/\/shop.iproff.ee\/ru\/wp-json\/wp\/v2\/media\/56125"}],"wp:attachment":[{"href":"https:\/\/shop.iproff.ee\/ru\/wp-json\/wp\/v2\/media?parent=56124"}],"wp:term":[{"taxonomy":"product_cat","embeddable":true,"href":"https:\/\/shop.iproff.ee\/ru\/wp-json\/wp\/v2\/product_cat?post=56124"},{"taxonomy":"product_tag","embeddable":true,"href":"https:\/\/shop.iproff.ee\/ru\/wp-json\/wp\/v2\/product_tag?post=56124"}],"curies":[{"name":"wp","href":"https:\/\/api.w.org\/{rel}","templated":true}]}}