{"id":55887,"date":"2024-09-30T09:40:15","date_gmt":"2024-09-30T09:40:15","guid":{"rendered":"https:\/\/shop.iproff.ee\/?post_type=product&#038;p=55887"},"modified":"2026-05-05T10:00:33","modified_gmt":"2026-05-05T10:00:33","slug":"apple-pencil-2nd-generation","status":"publish","type":"product","link":"https:\/\/shop.iproff.ee\/ru\/product\/apple-pencil-2nd-generation\/","title":{"rendered":"Apple Pencil (2nd generation)"},"content":{"rendered":"<p>Mis meelel, see kirjas. Apple Pencil paneb paika, milline peaks joonistamine, kirjutamine ja dokumentidesse m\u00e4rkmete tegemine olema \u2013 intuitiivne, t\u00e4pne ja imelihtne. Olematu viivituse, pikslitasemel t\u00e4psuse, kalde- ja survetundlikkuse ning v\u00f5imalusega oma k\u00e4tt t\u00f6\u00f6tades ekraanile toetada. \u00c4\u00e4rmiselt lihtne kasutada ja alati valmis, kui inspiratsioon peale tuleb. Loodud looma enamat lihtsamalt. Uus Apple Pencil kinnitub magneti abil kindlalt sinu iPad Pro k\u00fclge. Kinnitumise j\u00e4rel hakatakse seda laadima ja see seotakse automaatselt sinu seadmega. Lisaks on Apple Pencili kasutamiseks uusi v\u00f5imalusi. Topeltkoputusega saad lihtsalt vahetada t\u00f6\u00f6riistu ilma seda maha panemata. Lihtne \u00fchendamine. Juhtmeta laadimine. Uut Apple Pencilit hakatakse laadima siis, kui asetad lameda osa iPad Pro paremale k\u00fcljele. See \u00fchendatakse ka automaatselt sinu seadmega. Ning saad iPad Prod ja Apple Pencilit korraga laadida. Maagia? Tegelikult hoopis magnet. Puuduta uute v\u00f5imaluste kasutamiseks. Uus Apple Pencil v\u00f5imaldab sul muuta pintsli suurust ja re\u017eiimi topeltkoputusega just seal, kus su s\u00f5rm asub. Ning saad koputusi kohandada, et vahetada t\u00f6\u00f6riistu, mida k\u00f5ige enam kasutad. Tipptehnoloogia k\u00f5rgkunstiks. Ja k\u00f5igeks muuks. Apple Pencil on inspiratsioonipuhangu ajal ideaalne t\u00f6\u00f6riist. Kasuta seda m\u00e4rkmete tegemiseks, akvarellmaali loomiseks v\u00f5i ehitusplatsil hoone projekteerimiseks. Saad teatud rakendustes otse kirjutada ning App Store&#8217;is leidub palju rakendusi, mis v\u00f5imaldavad Apple Penciliga veelgi enam teha. Mis iganes sul plaanis, Apple Pencil pliiatsit on h\u00f5lbus kasutada ja sa ei taha seda k\u00e4est \u00e4ra panna. Arendatum tehnoloogia sujuvaks t\u00f6\u00f6ks. Apple Pencil peidab endas tehnoloogiat, mis muudab selle kasutamise t\u00e4iesti intuitiivseks. T\u00e4nu pikslit\u00e4psusele ja kiirele reageerimisele on sul tunne, nagu tegu oleks tuttava joonistus- ja kirjutamisriistaga, mida oled alati kasutanud. \u00dchilduvad mudelid: iPad mini (6. p\u00f5lvkond) iPad Pro 12,9-tolline (3., 4. ja 5. p\u00f5lvkond) iPad Pro 11-tolline (1., 2. ja 3. p\u00f5lvkond) iPad Air (4. ja 5. p\u00f5lvkond)<\/p>\n","protected":false},"excerpt":{"rendered":"<p>Mis meelel, see kirjas. Apple Pencil paneb paika, milline peaks joonistamine, kirjutamine ja dokumentidesse m\u00e4rkmete tegemine olema \u2013 intuitiivne, t\u00e4pne ja imelihtne. Olematu viivituse, pikslitasemel t\u00e4psuse, kalde- ja survetundlikkuse ning v\u00f5imalusega oma k\u00e4tt t\u00f6\u00f6tades ekraanile toetada. \u00c4\u00e4rmiselt lihtne kasutada ja alati valmis, kui inspiratsioon peale tuleb. Loodud looma enamat lihtsamalt. Uus Apple Pencil kinnitub magneti [&hellip;]<\/p>\n","protected":false},"featured_media":55888,"template":"","meta":{"_acf_changed":false},"product_cat":[271,89],"product_tag":[],"class_list":{"0":"post-55887","1":"product","2":"type-product","3":"status-publish","4":"has-post-thumbnail","6":"product_cat-muud-lisatarvikud","7":"product_cat-lisatarvikud","9":"first","10":"instock","11":"featured","12":"taxable","13":"shipping-taxable","14":"purchasable","15":"product-type-simple"},"acf":[],"_links":{"self":[{"href":"https:\/\/shop.iproff.ee\/ru\/wp-json\/wp\/v2\/product\/55887","targetHints":{"allow":["GET"]}}],"collection":[{"href":"https:\/\/shop.iproff.ee\/ru\/wp-json\/wp\/v2\/product"}],"about":[{"href":"https:\/\/shop.iproff.ee\/ru\/wp-json\/wp\/v2\/types\/product"}],"wp:featuredmedia":[{"embeddable":true,"href":"https:\/\/shop.iproff.ee\/ru\/wp-json\/wp\/v2\/media\/55888"}],"wp:attachment":[{"href":"https:\/\/shop.iproff.ee\/ru\/wp-json\/wp\/v2\/media?parent=55887"}],"wp:term":[{"taxonomy":"product_cat","embeddable":true,"href":"https:\/\/shop.iproff.ee\/ru\/wp-json\/wp\/v2\/product_cat?post=55887"},{"taxonomy":"product_tag","embeddable":true,"href":"https:\/\/shop.iproff.ee\/ru\/wp-json\/wp\/v2\/product_tag?post=55887"}],"curies":[{"name":"wp","href":"https:\/\/api.w.org\/{rel}","templated":true}]}}