{"id":3938,"date":"2024-05-14T11:20:05","date_gmt":"2024-05-14T11:20:05","guid":{"rendered":"https:\/\/shop.iproff.ee\/?post_type=product&#038;p=3938"},"modified":"2024-11-26T07:21:37","modified_gmt":"2024-11-26T07:21:37","slug":"apple-airtag-4-pack","status":"publish","type":"product","link":"https:\/\/shop.iproff.ee\/ru\/product\/apple-airtag-4-pack\/","title":{"rendered":"Apple AirTag 4-Pack"},"content":{"rendered":"<div class=\"flex flex-grow flex-col max-w-full\">\n<div class=\"min-h-[20px] text-message flex flex-col items-start whitespace-pre-wrap break-words [.text-message+&amp;]:mt-5 juice:w-full juice:items-end overflow-x-auto gap-2\" dir=\"auto\" data-message-author-role=\"assistant\" data-message-id=\"90c70437-95b3-42d2-9362-bd1b656f78ad\">\n<div class=\"flex w-full flex-col gap-1 juice:empty:hidden juice:first:pt-[3px]\">\n<div class=\"markdown prose w-full break-words dark:prose-invert dark\">\n<p>Hoidke oma asjadel silm peal Apple AirTagide abil. See nutikas ja stiilne j\u00e4lgimisseade aitab teil leida kaotatud esemed kiiresti ja t\u00e4pselt. Komplektis on neli AirTagi, mida saate kinnitada v\u00f5tmetele, rahakotile, seljakotile ja muudele olulistele esemetele. AirTag \u00fchendub sujuvalt teie iPhone&#8217;iga, v\u00f5imaldades teil leida oma asjad rakenduse Find My abil. T\u00e4pse asukoha leidmine on lihtne t\u00e4nu ultra wideband tehnoloogiale. Veekindel ja vastupidav disain tagab, et AirTag t\u00f6\u00f6tab usaldusv\u00e4\u00e4rselt igas olukorras.<\/p>\n<p><strong>Peamised omadused:<\/strong><\/p>\n<ul>\n<li>Komplektis 4 AirTagi<\/li>\n<li>T\u00e4pne ultra wideband tehnoloogia<\/li>\n<li>Sujuv \u00fchenduvus iPhone&#8217;iga<\/li>\n<li>Veekindel ja vastupidav disain<\/li>\n<li>Lihtne kasutada rakenduse Find My abil<\/li>\n<li>Ideaalne v\u00f5tmetele, rahakotile ja muudele olulistele esemetele<\/li>\n<\/ul>\n<\/div>\n<\/div>\n<\/div>\n<\/div>\n<div class=\"mt-1 flex gap-3 empty:hidden juice:-ml-3\">\n<div class=\"items-center justify-start rounded-xl p-1 flex\">\n<div class=\"flex items-center\"><\/div>\n<\/div>\n<\/div>\n","protected":false},"excerpt":{"rendered":"<p>Hoidke oma asjadel silm peal Apple AirTagide abil. See nutikas ja stiilne j\u00e4lgimisseade aitab teil leida kaotatud esemed kiiresti ja t\u00e4pselt. Komplektis on neli AirTagi, mida saate kinnitada v\u00f5tmetele, rahakotile, seljakotile ja muudele olulistele esemetele. AirTag \u00fchendub sujuvalt teie iPhone&#8217;iga, v\u00f5imaldades teil leida oma asjad rakenduse Find My abil. T\u00e4pse asukoha leidmine on lihtne t\u00e4nu [&hellip;]<\/p>\n","protected":false},"featured_media":0,"template":"","meta":{"_acf_changed":false},"product_cat":[168],"product_tag":[],"class_list":{"0":"post-3938","1":"product","2":"type-product","3":"status-publish","5":"product_cat-muud-nutiseadmed","7":"first","8":"onbackorder","9":"taxable","10":"shipping-taxable","11":"purchasable","12":"product-type-simple"},"acf":[],"_links":{"self":[{"href":"https:\/\/shop.iproff.ee\/ru\/wp-json\/wp\/v2\/product\/3938","targetHints":{"allow":["GET"]}}],"collection":[{"href":"https:\/\/shop.iproff.ee\/ru\/wp-json\/wp\/v2\/product"}],"about":[{"href":"https:\/\/shop.iproff.ee\/ru\/wp-json\/wp\/v2\/types\/product"}],"wp:attachment":[{"href":"https:\/\/shop.iproff.ee\/ru\/wp-json\/wp\/v2\/media?parent=3938"}],"wp:term":[{"taxonomy":"product_cat","embeddable":true,"href":"https:\/\/shop.iproff.ee\/ru\/wp-json\/wp\/v2\/product_cat?post=3938"},{"taxonomy":"product_tag","embeddable":true,"href":"https:\/\/shop.iproff.ee\/ru\/wp-json\/wp\/v2\/product_tag?post=3938"}],"curies":[{"name":"wp","href":"https:\/\/api.w.org\/{rel}","templated":true}]}}