{"id":2537,"date":"2023-12-02T15:34:59","date_gmt":"2023-12-02T15:34:59","guid":{"rendered":"https:\/\/shop.iproff.ee\/?post_type=product&#038;p=2537"},"modified":"2025-11-07T10:07:36","modified_gmt":"2025-11-07T10:07:36","slug":"iphone-15-plus-256gb-black","status":"publish","type":"product","link":"https:\/\/shop.iproff.ee\/ru\/product\/iphone-15-plus-256gb-black\/","title":{"rendered":"Apple iPhone 15 Plus &#8212; 256GB &#8212; Black"},"content":{"rendered":"<p>&lt;b&gt;Kohapeal esinduses olemas&lt;\/b&gt;<\/p>\n<p>Alumiiniumist disain<br \/>\nCeramic Shield esik\u00fclg<br \/>\nL\u00e4binisti v\u00e4rvilisest klaasist tagak\u00fclg<\/p>\n<p>Super Retina XDR-ekraan<br \/>\n6,7-tolline (diagonaal) OLED-ekraan<\/p>\n","protected":false},"excerpt":{"rendered":"<p>&lt;b&gt;Kohapeal esinduses olemas&lt;\/b&gt; Alumiiniumist disain Ceramic Shield esik\u00fclg L\u00e4binisti v\u00e4rvilisest klaasist tagak\u00fclg Super Retina XDR-ekraan 6,7-tolline (diagonaal) OLED-ekraan<\/p>\n","protected":false},"featured_media":56064,"template":"","meta":{"_acf_changed":false},"product_cat":[636,607,159],"product_tag":[],"class_list":{"0":"post-2537","1":"product","2":"type-product","3":"status-publish","4":"has-post-thumbnail","6":"product_cat-256gb-7","7":"product_cat-iphone-15-plus","8":"product_cat-apple","10":"first","11":"onbackorder","12":"taxable","13":"shipping-taxable","14":"purchasable","15":"product-type-simple"},"acf":[],"_links":{"self":[{"href":"https:\/\/shop.iproff.ee\/ru\/wp-json\/wp\/v2\/product\/2537","targetHints":{"allow":["GET"]}}],"collection":[{"href":"https:\/\/shop.iproff.ee\/ru\/wp-json\/wp\/v2\/product"}],"about":[{"href":"https:\/\/shop.iproff.ee\/ru\/wp-json\/wp\/v2\/types\/product"}],"wp:featuredmedia":[{"embeddable":true,"href":"https:\/\/shop.iproff.ee\/ru\/wp-json\/wp\/v2\/media\/56064"}],"wp:attachment":[{"href":"https:\/\/shop.iproff.ee\/ru\/wp-json\/wp\/v2\/media?parent=2537"}],"wp:term":[{"taxonomy":"product_cat","embeddable":true,"href":"https:\/\/shop.iproff.ee\/ru\/wp-json\/wp\/v2\/product_cat?post=2537"},{"taxonomy":"product_tag","embeddable":true,"href":"https:\/\/shop.iproff.ee\/ru\/wp-json\/wp\/v2\/product_tag?post=2537"}],"curies":[{"name":"wp","href":"https:\/\/api.w.org\/{rel}","templated":true}]}}