{"id":57583,"date":"2026-04-30T07:19:30","date_gmt":"2026-04-30T07:19:30","guid":{"rendered":"https:\/\/shop.iproff.ee\/?post_type=product&#038;p=57583"},"modified":"2026-04-30T07:33:36","modified_gmt":"2026-04-30T07:33:36","slug":"spigen-glas-tr-ezfit-screen-protector-for-iphone-16-pro-17-17-pro-privacy-2-pack","status":"publish","type":"product","link":"https:\/\/shop.iproff.ee\/en\/product\/spigen-glas-tr-ezfit-screen-protector-for-iphone-16-pro-17-17-pro-privacy-2-pack\/","title":{"rendered":"Spigen &#8220;GLAS.tR EzFit&#8221; Screen Protector for iPhone 16 Pro \/ 17 \/ 17 Pro &#8211; Privacy (2 Pack)"},"content":{"rendered":"<p class=\"p1\">Premium kvaliteediga Spigen privaatsusfiltriga kaitseklaas pakub Sinu telefoni ekraanile maksimaalset kaitset igap\u00e4evaste kriimustuste ja l\u00f6\u00f6kide eest. 9H tugevusega karastatud klaas on loodud tagama eriti k\u00f5rge vastupidavuse.<\/p>\n<p class=\"p1\">Integreeritud privaatsusfilter piirab vaatenurka, muutes ekraanil kuvatava sisu n\u00e4htavaks vaid otse vaadates. See on ideaalne lahendus, et hoida isiklik info v\u00f5\u00f5raste pilkude eest kaitstuna.<\/p>\n<p class=\"p1\">Kaitseklaas katab t\u00e4pselt kogu ekraani, s\u00e4ilitades samal ajal hea pildikvaliteedi ja puutetundlikkuse.<\/p>\n<p class=\"p1\">Oleofobne (mustusth\u00fclgav) kate v\u00e4hendab s\u00f5rmej\u00e4lgede ja mustuse kogunemist, hoides ekraani kauem puhtana.<\/p>\n<p class=\"p1\">Komplektis on k\u00f5ik vajalikud tarvikud mugavaks paigaldamiseks. Paigaldus on kiire ja lihtne!<\/p>\n","protected":false},"excerpt":{"rendered":"<p>Premium kvaliteediga Spigen privaatsusfiltriga kaitseklaas pakub Sinu telefoni ekraanile maksimaalset kaitset igap\u00e4evaste kriimustuste ja l\u00f6\u00f6kide eest. 9H tugevusega karastatud klaas on loodud tagama eriti k\u00f5rge vastupidavuse. Integreeritud privaatsusfilter piirab vaatenurka, muutes ekraanil kuvatava sisu n\u00e4htavaks vaid otse vaadates. See on ideaalne lahendus, et hoida isiklik info v\u00f5\u00f5raste pilkude eest kaitstuna. Kaitseklaas katab t\u00e4pselt kogu ekraani, [&hellip;]<\/p>\n","protected":false},"featured_media":57599,"template":"","meta":{"_acf_changed":false},"product_cat":[267,89],"product_tag":[],"class_list":{"0":"post-57583","1":"product","2":"type-product","3":"status-publish","4":"has-post-thumbnail","6":"product_cat-kaitseklaasid","7":"product_cat-lisatarvikud","9":"first","10":"instock","11":"taxable","12":"shipping-taxable","13":"purchasable","14":"product-type-simple"},"acf":[],"_links":{"self":[{"href":"https:\/\/shop.iproff.ee\/en\/wp-json\/wp\/v2\/product\/57583","targetHints":{"allow":["GET"]}}],"collection":[{"href":"https:\/\/shop.iproff.ee\/en\/wp-json\/wp\/v2\/product"}],"about":[{"href":"https:\/\/shop.iproff.ee\/en\/wp-json\/wp\/v2\/types\/product"}],"wp:featuredmedia":[{"embeddable":true,"href":"https:\/\/shop.iproff.ee\/en\/wp-json\/wp\/v2\/media\/57599"}],"wp:attachment":[{"href":"https:\/\/shop.iproff.ee\/en\/wp-json\/wp\/v2\/media?parent=57583"}],"wp:term":[{"taxonomy":"product_cat","embeddable":true,"href":"https:\/\/shop.iproff.ee\/en\/wp-json\/wp\/v2\/product_cat?post=57583"},{"taxonomy":"product_tag","embeddable":true,"href":"https:\/\/shop.iproff.ee\/en\/wp-json\/wp\/v2\/product_tag?post=57583"}],"curies":[{"name":"wp","href":"https:\/\/api.w.org\/{rel}","templated":true}]}}