{"id":57088,"date":"2026-02-21T09:47:41","date_gmt":"2026-02-21T09:47:41","guid":{"rendered":"https:\/\/shop.iproff.ee\/?post_type=product&#038;p=57088"},"modified":"2026-04-01T13:26:59","modified_gmt":"2026-04-01T13:26:59","slug":"kasutatud-apple-iphone-14-128gb-blue-grade-b","status":"publish","type":"product","link":"https:\/\/shop.iproff.ee\/en\/product\/kasutatud-apple-iphone-14-128gb-blue-grade-b\/","title":{"rendered":"Kasutatud Apple iPhone 14 128GB &#8211; Blue (Grade B)"},"content":{"rendered":"<p>K\u00f5ik funktsioonid t\u00f6\u00f6tavad laitmatult.<br \/>\nBattery Health: 85%<br \/>\nRaamil tavap\u00e4rased kulumised, ekraan kriimuvaba. Soovi korral paigaldame uue aku:<br \/>\nApple originaal &#8211; +90\u20ac<br \/>\nPreemium aku &#8211; +50<\/p>\n<p>Seadmele kehtib 12 kuuline garantiiperiood.<\/p>\n<p>Pakume samuti ka v\u00f5imalust tasuda mugavalt osade kaupa ESTO intressivaba j\u00e4relmaksuga.<\/p>\n<p>&nbsp;<\/p>\n<p><a href=\"https:\/\/www.ounaturg.ee\/65405-iphone-14\" target=\"_blank\" rel=\"noopener\">https:\/\/www.ounaturg.ee\/65405-iphone-14<\/a><\/p>\n<p>&nbsp;<\/p>\n","protected":false},"excerpt":{"rendered":"<p>K\u00f5ik funktsioonid t\u00f6\u00f6tavad laitmatult. Battery Health: 85% Raamil tavap\u00e4rased kulumised, ekraan kriimuvaba. Soovi korral paigaldame uue aku: Apple originaal &#8211; +90\u20ac Preemium aku &#8211; +50 Seadmele kehtib 12 kuuline garantiiperiood. Pakume samuti ka v\u00f5imalust tasuda mugavalt osade kaupa ESTO intressivaba j\u00e4relmaksuga. &nbsp; https:\/\/www.ounaturg.ee\/65405-iphone-14 &nbsp;<\/p>\n","protected":false},"featured_media":57363,"template":"","meta":{"_acf_changed":false},"product_cat":[689,692],"product_tag":[],"class_list":{"0":"post-57088","1":"product","2":"type-product","3":"status-publish","4":"has-post-thumbnail","6":"product_cat-kasutatud-seadmed","7":"product_cat-kasutatud-telefonid-1","9":"first","10":"instock","11":"taxable","12":"shipping-taxable","13":"purchasable","14":"product-type-simple"},"acf":[],"_links":{"self":[{"href":"https:\/\/shop.iproff.ee\/en\/wp-json\/wp\/v2\/product\/57088","targetHints":{"allow":["GET"]}}],"collection":[{"href":"https:\/\/shop.iproff.ee\/en\/wp-json\/wp\/v2\/product"}],"about":[{"href":"https:\/\/shop.iproff.ee\/en\/wp-json\/wp\/v2\/types\/product"}],"wp:featuredmedia":[{"embeddable":true,"href":"https:\/\/shop.iproff.ee\/en\/wp-json\/wp\/v2\/media\/57363"}],"wp:attachment":[{"href":"https:\/\/shop.iproff.ee\/en\/wp-json\/wp\/v2\/media?parent=57088"}],"wp:term":[{"taxonomy":"product_cat","embeddable":true,"href":"https:\/\/shop.iproff.ee\/en\/wp-json\/wp\/v2\/product_cat?post=57088"},{"taxonomy":"product_tag","embeddable":true,"href":"https:\/\/shop.iproff.ee\/en\/wp-json\/wp\/v2\/product_tag?post=57088"}],"curies":[{"name":"wp","href":"https:\/\/api.w.org\/{rel}","templated":true}]}}