{"id":56767,"date":"2026-01-30T07:43:29","date_gmt":"2026-01-30T07:43:29","guid":{"rendered":"https:\/\/shop.iproff.ee\/?post_type=product&#038;p=56767"},"modified":"2026-02-12T16:06:18","modified_gmt":"2026-02-12T16:06:18","slug":"kasutatud-apple-iphone-15-pro-max-256gb-black-titanium-grade-a","status":"publish","type":"product","link":"https:\/\/shop.iproff.ee\/en\/product\/kasutatud-apple-iphone-15-pro-max-256gb-black-titanium-grade-a\/","title":{"rendered":"Kasutatud Apple iPhone 15 Pro Max 256GB &#8211; Black Titanium (Grade A+)"},"content":{"rendered":"<p>K\u00f5ik funktsioonid t\u00f6\u00f6tavad laitmatult.<br \/>\nBattery Health: 86%<br \/>\nKasutusj\u00e4lgedeta uuev\u00e4\u00e4rne telefon<\/p>\n<p>Seadmele kehtib 12 kuuline garantiiperiood.<\/p>\n<p>Pakume samuti ka v\u00f5imalust tasuda mugavalt osade kaupa ESTO intressivaba j\u00e4relmaksuga.<\/p>\n<p>&nbsp;<\/p>\n<p>https:\/\/www.ounaturg.ee\/64704-iphone-15-pro-max<\/p>\n","protected":false},"excerpt":{"rendered":"<p>K\u00f5ik funktsioonid t\u00f6\u00f6tavad laitmatult. Battery Health: 86% Kasutusj\u00e4lgedeta uuev\u00e4\u00e4rne telefon Seadmele kehtib 12 kuuline garantiiperiood. Pakume samuti ka v\u00f5imalust tasuda mugavalt osade kaupa ESTO intressivaba j\u00e4relmaksuga. &nbsp; https:\/\/www.ounaturg.ee\/64704-iphone-15-pro-max<\/p>\n","protected":false},"featured_media":56771,"template":"","meta":{"_acf_changed":false},"product_cat":[689,692],"product_tag":[],"class_list":{"0":"post-56767","1":"product","2":"type-product","3":"status-publish","4":"has-post-thumbnail","6":"product_cat-kasutatud-seadmed","7":"product_cat-kasutatud-telefonid-1","9":"first","10":"instock","11":"taxable","12":"shipping-taxable","13":"purchasable","14":"product-type-simple"},"acf":[],"_links":{"self":[{"href":"https:\/\/shop.iproff.ee\/en\/wp-json\/wp\/v2\/product\/56767","targetHints":{"allow":["GET"]}}],"collection":[{"href":"https:\/\/shop.iproff.ee\/en\/wp-json\/wp\/v2\/product"}],"about":[{"href":"https:\/\/shop.iproff.ee\/en\/wp-json\/wp\/v2\/types\/product"}],"wp:featuredmedia":[{"embeddable":true,"href":"https:\/\/shop.iproff.ee\/en\/wp-json\/wp\/v2\/media\/56771"}],"wp:attachment":[{"href":"https:\/\/shop.iproff.ee\/en\/wp-json\/wp\/v2\/media?parent=56767"}],"wp:term":[{"taxonomy":"product_cat","embeddable":true,"href":"https:\/\/shop.iproff.ee\/en\/wp-json\/wp\/v2\/product_cat?post=56767"},{"taxonomy":"product_tag","embeddable":true,"href":"https:\/\/shop.iproff.ee\/en\/wp-json\/wp\/v2\/product_tag?post=56767"}],"curies":[{"name":"wp","href":"https:\/\/api.w.org\/{rel}","templated":true}]}}