{"id":56751,"date":"2026-01-30T07:37:20","date_gmt":"2026-01-30T07:37:20","guid":{"rendered":"https:\/\/shop.iproff.ee\/?post_type=product&#038;p=56751"},"modified":"2026-02-12T16:15:43","modified_gmt":"2026-02-12T16:15:43","slug":"kasutatud-apple-iphone-12-pro-max-256gb-gold-grade-a","status":"publish","type":"product","link":"https:\/\/shop.iproff.ee\/en\/product\/kasutatud-apple-iphone-12-pro-max-256gb-gold-grade-a\/","title":{"rendered":"Kasutatud Apple iPhone 12 Pro Max 256GB &#8211; Gold (Grade A+)"},"content":{"rendered":"<p style=\"text-align: left\">K\u00f5ik funktsioonid t\u00f6\u00f6tavad laitmatult.<\/p>\n<p>Battery Health: 100%<\/p>\n<p>Uuev\u00e4\u00e4rne telefon kasutusj\u00e4lgedeta!<\/p>\n<p>&nbsp;<\/p>\n<p style=\"text-align: left\">Seadmele kehtib 12 kuuline garantiiperiood.<\/p>\n<p>&nbsp;<\/p>\n<p style=\"text-align: left\">Pakume samuti ka v\u00f5imalust tasuda mugavalt osade kaupa ESTO intressivaba j\u00e4relmaksuga.<\/p>\n<p>https:\/\/www.ounaturg.ee\/64694-iphone-12-pro-max<\/p>\n<p style=\"text-align: left\">\n","protected":false},"excerpt":{"rendered":"<p>K\u00f5ik funktsioonid t\u00f6\u00f6tavad laitmatult. Battery Health: 100% Uuev\u00e4\u00e4rne telefon kasutusj\u00e4lgedeta! &nbsp; Seadmele kehtib 12 kuuline garantiiperiood. &nbsp; Pakume samuti ka v\u00f5imalust tasuda mugavalt osade kaupa ESTO intressivaba j\u00e4relmaksuga. https:\/\/www.ounaturg.ee\/64694-iphone-12-pro-max<\/p>\n","protected":false},"featured_media":56752,"template":"","meta":{"_acf_changed":false},"product_cat":[689,692],"product_tag":[],"class_list":{"0":"post-56751","1":"product","2":"type-product","3":"status-publish","4":"has-post-thumbnail","6":"product_cat-kasutatud-seadmed","7":"product_cat-kasutatud-telefonid-1","9":"first","10":"instock","11":"taxable","12":"shipping-taxable","13":"purchasable","14":"product-type-simple"},"acf":[],"_links":{"self":[{"href":"https:\/\/shop.iproff.ee\/en\/wp-json\/wp\/v2\/product\/56751","targetHints":{"allow":["GET"]}}],"collection":[{"href":"https:\/\/shop.iproff.ee\/en\/wp-json\/wp\/v2\/product"}],"about":[{"href":"https:\/\/shop.iproff.ee\/en\/wp-json\/wp\/v2\/types\/product"}],"wp:featuredmedia":[{"embeddable":true,"href":"https:\/\/shop.iproff.ee\/en\/wp-json\/wp\/v2\/media\/56752"}],"wp:attachment":[{"href":"https:\/\/shop.iproff.ee\/en\/wp-json\/wp\/v2\/media?parent=56751"}],"wp:term":[{"taxonomy":"product_cat","embeddable":true,"href":"https:\/\/shop.iproff.ee\/en\/wp-json\/wp\/v2\/product_cat?post=56751"},{"taxonomy":"product_tag","embeddable":true,"href":"https:\/\/shop.iproff.ee\/en\/wp-json\/wp\/v2\/product_tag?post=56751"}],"curies":[{"name":"wp","href":"https:\/\/api.w.org\/{rel}","templated":true}]}}