{"id":56303,"date":"2025-09-18T14:55:05","date_gmt":"2025-09-18T14:55:05","guid":{"rendered":"https:\/\/shop.iproff.ee\/?post_type=product&#038;p=56303"},"modified":"2026-02-27T14:54:55","modified_gmt":"2026-02-27T14:54:55","slug":"apple-iphone-17-pro-max-256gb-cosmic-orange","status":"publish","type":"product","link":"https:\/\/shop.iproff.ee\/en\/product\/apple-iphone-17-pro-max-256gb-cosmic-orange\/","title":{"rendered":"Apple iPhone 17 Pro Max 256GB &#8211; Cosmic Orange"},"content":{"rendered":"<p>&nbsp;<\/p>\n<p>&nbsp;<\/p>\n<div>iPhone 17 Pro Max<\/div>\n<div>\u00dches t\u00fckis alumiiniumkorpus, erakordne vastupidavus ja tippj\u00f5udlus.<\/div>\n<div><\/div>\n<div>Olulisemad omadused:<\/div>\n<div>\u2022A19 Pro kiip ja aurjahutus tagavad \u00fclikiire t\u00f6\u00f6 ja pika aku kestvuse<\/div>\n<div>\u202248MP kaameras\u00fcsteem v\u00f5imsa suumiga<\/div>\n<div>\u2022Uus esikaamera nutikate selfide jaoks<\/div>\n<div>\u2022iOS 26 ja Apple Intelligence funktsioonid<\/div>\n<div>\u2022USB-C \u00fchendus<\/div>\n<div>\u2022Aku kestab kuni 39 h videoesitust<\/div>\n<div>\u2022Face ID turvaliseks kasutamiseks<\/div>\n<div><\/div>\n<div>Komplektis:<\/div>\n<div>\u2022iPhone 17 Pro Max<\/div>\n<div>\u2022USB-C kaabel (1 m)<\/div>\n<div>\u2022Dokumentatsioon<\/div>\n<div><\/div>\n<div>Laadija ja k\u00f5rvaklapid ei kuulu komplekti.<\/div>\n","protected":false},"excerpt":{"rendered":"<p>&nbsp; &nbsp; iPhone 17 Pro Max \u00dches t\u00fckis alumiiniumkorpus, erakordne vastupidavus ja tippj\u00f5udlus. Olulisemad omadused: \u2022A19 Pro kiip ja aurjahutus tagavad \u00fclikiire t\u00f6\u00f6 ja pika aku kestvuse \u202248MP kaameras\u00fcsteem v\u00f5imsa suumiga \u2022Uus esikaamera nutikate selfide jaoks \u2022iOS 26 ja Apple Intelligence funktsioonid \u2022USB-C \u00fchendus \u2022Aku kestab kuni 39 h videoesitust \u2022Face ID turvaliseks kasutamiseks Komplektis: [&hellip;]<\/p>\n","protected":false},"featured_media":56308,"template":"","meta":{"_acf_changed":false},"product_cat":[682,675,152,159],"product_tag":[],"class_list":{"0":"post-56303","1":"product","2":"type-product","3":"status-publish","4":"has-post-thumbnail","6":"product_cat-256gb-14","7":"product_cat-iphone-17-pro-max","8":"product_cat-nutitelefonid","9":"product_cat-apple","11":"first","12":"instock","13":"featured","14":"taxable","15":"shipping-taxable","16":"purchasable","17":"product-type-simple"},"acf":[],"_links":{"self":[{"href":"https:\/\/shop.iproff.ee\/en\/wp-json\/wp\/v2\/product\/56303","targetHints":{"allow":["GET"]}}],"collection":[{"href":"https:\/\/shop.iproff.ee\/en\/wp-json\/wp\/v2\/product"}],"about":[{"href":"https:\/\/shop.iproff.ee\/en\/wp-json\/wp\/v2\/types\/product"}],"wp:featuredmedia":[{"embeddable":true,"href":"https:\/\/shop.iproff.ee\/en\/wp-json\/wp\/v2\/media\/56308"}],"wp:attachment":[{"href":"https:\/\/shop.iproff.ee\/en\/wp-json\/wp\/v2\/media?parent=56303"}],"wp:term":[{"taxonomy":"product_cat","embeddable":true,"href":"https:\/\/shop.iproff.ee\/en\/wp-json\/wp\/v2\/product_cat?post=56303"},{"taxonomy":"product_tag","embeddable":true,"href":"https:\/\/shop.iproff.ee\/en\/wp-json\/wp\/v2\/product_tag?post=56303"}],"curies":[{"name":"wp","href":"https:\/\/api.w.org\/{rel}","templated":true}]}}