{"id":55862,"date":"2024-09-23T14:43:35","date_gmt":"2024-09-23T14:43:35","guid":{"rendered":"https:\/\/shop.iproff.ee\/?post_type=product&#038;p=55862"},"modified":"2024-09-23T14:55:21","modified_gmt":"2024-09-23T14:55:21","slug":"3mk-wallet-case-for-iphone-16-pro-black","status":"publish","type":"product","link":"https:\/\/shop.iproff.ee\/en\/product\/3mk-wallet-case-for-iphone-16-pro-black\/","title":{"rendered":"3mk Wallet Case for iPhone 16 Pro &#8211; Black"},"content":{"rendered":"<p>Vastupidav &#8211; \u00d5mmeldud nailonniidiga, tagab maksimaalse vastupidavuse.<\/p>\n<p>Praktilised taskud &#8211; Mahutab 3 kaarti.<\/p>\n<p>Magnetklapp &#8211; Kindel sulgemine.<\/p>\n<p>Toetaja funktsioon &#8211; Vaata videoid mugavamalt.<\/p>\n<p>Tugev kaitse igast k\u00fcljest &#8211; Otsid \u00fcmbrist, mis kaitseb telefoni igast k\u00fcljest? 3mk Wallet Case\u2122 pakub maksimaalset kaitset, tugevdatud nailonniidiga ja TPU materjaliga. Kinnitus Military Grade testiga.<\/p>\n<p>Korpus ja rahakott \u00fches &#8211; Sisaldab 3 taskut kaartide ja sularaha jaoks.<\/p>\n<p>Lihtne sulgemine ja avamine &#8211; Magnetklapp tagab mugava ja turvalise kasutuse.<\/p>\n<p>Mugav telefoni asetamine &#8211; Aseta telefon horisontaalselt ideaalseks vaatamiseks v\u00f5i videok\u00f5nedeks.<\/p>\n","protected":false},"excerpt":{"rendered":"<p>Vastupidav &#8211; \u00d5mmeldud nailonniidiga, tagab maksimaalse vastupidavuse. Praktilised taskud &#8211; Mahutab 3 kaarti. Magnetklapp &#8211; Kindel sulgemine. Toetaja funktsioon &#8211; Vaata videoid mugavamalt. Tugev kaitse igast k\u00fcljest &#8211; Otsid \u00fcmbrist, mis kaitseb telefoni igast k\u00fcljest? 3mk Wallet Case\u2122 pakub maksimaalset kaitset, tugevdatud nailonniidiga ja TPU materjaliga. Kinnitus Military Grade testiga. Korpus ja rahakott \u00fches &#8211; [&hellip;]<\/p>\n","protected":false},"featured_media":55853,"template":"","meta":{"_acf_changed":false},"product_cat":[604,269,89],"product_tag":[],"class_list":{"0":"post-55862","1":"product","2":"type-product","3":"status-publish","4":"has-post-thumbnail","6":"product_cat-iphone-umbrised","7":"product_cat-umbrised","8":"product_cat-lisatarvikud","10":"first","11":"instock","12":"taxable","13":"shipping-taxable","14":"purchasable","15":"product-type-simple"},"acf":[],"_links":{"self":[{"href":"https:\/\/shop.iproff.ee\/en\/wp-json\/wp\/v2\/product\/55862","targetHints":{"allow":["GET"]}}],"collection":[{"href":"https:\/\/shop.iproff.ee\/en\/wp-json\/wp\/v2\/product"}],"about":[{"href":"https:\/\/shop.iproff.ee\/en\/wp-json\/wp\/v2\/types\/product"}],"wp:featuredmedia":[{"embeddable":true,"href":"https:\/\/shop.iproff.ee\/en\/wp-json\/wp\/v2\/media\/55853"}],"wp:attachment":[{"href":"https:\/\/shop.iproff.ee\/en\/wp-json\/wp\/v2\/media?parent=55862"}],"wp:term":[{"taxonomy":"product_cat","embeddable":true,"href":"https:\/\/shop.iproff.ee\/en\/wp-json\/wp\/v2\/product_cat?post=55862"},{"taxonomy":"product_tag","embeddable":true,"href":"https:\/\/shop.iproff.ee\/en\/wp-json\/wp\/v2\/product_tag?post=55862"}],"curies":[{"name":"wp","href":"https:\/\/api.w.org\/{rel}","templated":true}]}}