{"id":55763,"date":"2024-09-21T10:09:35","date_gmt":"2024-09-21T10:09:35","guid":{"rendered":"https:\/\/shop.iproff.ee\/?post_type=product&#038;p=55763"},"modified":"2025-08-28T12:59:19","modified_gmt":"2025-08-28T12:59:19","slug":"apple-iphone-16-plus-512gb-pink","status":"publish","type":"product","link":"https:\/\/shop.iproff.ee\/en\/product\/apple-iphone-16-plus-512gb-pink\/","title":{"rendered":"Apple iPhone 16 Plus 512GB &#8211; Pink"},"content":{"rendered":"<p>Tutvu iPhone 16 Plus\u2019iga \u2013 stiilne ja v\u00f5imas!<\/p>\n<p>Uue alumiiniumist disaini ja t\u00e4iustatud Camera Control funktsiooniga iPhone 16 Plus viib teie fotode ja videote loomise j\u00e4rgmisele tasemele. Salvestage 4K Dolby Vision videot kiirusel kuni 60 kaadrit sekundis ning nautige A18 kiibi pakutavat v\u00f5imsat j\u00f5udlust. T\u00e4ieliku kaamerakontrolli abil p\u00e4\u00e4sete kiiresti juurde t\u00f6\u00f6riistadele, nagu suum ja teravuss\u00fcgavus. Uus Ultra Wide kaamera ja 48 MP Fusion kaamera tagavad \u00fcliteravad ja detailirohked pildid.<\/p>\n<p>Olulisemad funktsioonid:<\/p>\n<p>&#8211; Alumiiniumist disain \u2013 iPhone 16 Plus paistab silma kerge, kuid vastupidava alumiiniumkorpuse ja 6,7-tollise Super Retina XDR ekraaniga. Ceramic Shield muudab selle klaasi kaks korda vastupidavamaks kui tavaliselt.<\/p>\n<p>&#8211; T\u00e4ielik kaamerakontroll \u2013 Camera Control funktsiooniga saate kiiresti kasutada teravuss\u00fcgavust ja suumimist, samas 48 MP kaamera j\u00e4\u00e4dvustab detailseid ja selgeid pilte.<\/p>\n<p>&#8211; Pro video ja Dolby Vision \u2013 viige videote salvestamine uuele tasemele, salvestades 4K Dolby Vision kvaliteedis. Stuudiokvaliteediga mikrofonid tagavad selge heli.<\/p>\n<p>&#8211; A18 kiip \u2013 erakordne j\u00f5udlus ja energiat\u00f5husus, mis toetab t\u00e4iustatud foto- ja videov\u00f5imalusi ning sujuvat kasutajakogemust.<\/p>\n<p>&#8211; Pikendatud aku t\u00f6\u00f6iga \u2013 kuni 24 tundi videot. Kiirlaadimine USB-C v\u00f5i MagSafe juhtmevaba laadimisega.<\/p>\n<p>&#8211; 48 MP Fusion kaamera ja 2x telefoto objektiiv \u2013 j\u00e4\u00e4dvustage teravaid pilte ja tooge kaugemad objektid l\u00e4hemale optilise suumiga.<\/p>\n<p>&#8211; Photographic Styles \u2013 isikup\u00e4rastage igat fotot ja kohandage stiile vastavalt oma soovidele.<\/p>\n<p>&#8211; 16-tuumaline Neural Engine \u2013 kiire ja nutikas j\u00f5udlus igas olukorras.<\/p>\n<p>&#8211; Action Button \u2013 lihtne ja kiire ligip\u00e4\u00e4s lemmikfunktsioonidele, nagu taskulamp v\u00f5i h\u00e4\u00e4lememo.<\/p>\n<p>&#8211; USB-C port \u2013 universaalne ja mugav laadimine.<\/p>\n<p>&#8211; Dynamic Island \u2013 k\u00f5ik teavitused ja reaalajas tegevused \u00fches kohas.<\/p>\n<p>&#8211; Crash Detection \u2013 tuvastab t\u00f5sised auto\u00f5nnetused ja kutsub abi vajadusel.<\/p>\n<p>&#8211; Face ID ja LiDAR Scanner \u2013 turvaline ja t\u00e4pne tuvastus.<\/p>\n<p>Kaal: 203 g<br \/>\nKarbis: iPhone 16 Plus, USB-C laadimiskaabel (1 m), dokumentatsioon<\/p>\n<p>NB! Pakend ei sisalda laadimisadapterit ega k\u00f5rvaklappe!<\/p>\n<p>Astuge tulevikku iPhone 16 Plus\u2019iga \u2013 j\u00f5udlus ja disain, mis viivad teid j\u00e4rgmisele tasemele!<\/p>\n","protected":false},"excerpt":{"rendered":"<p>Tutvu iPhone 16 Plus\u2019iga \u2013 stiilne ja v\u00f5imas! Uue alumiiniumist disaini ja t\u00e4iustatud Camera Control funktsiooniga iPhone 16 Plus viib teie fotode ja videote loomise j\u00e4rgmisele tasemele. Salvestage 4K Dolby Vision videot kiirusel kuni 60 kaadrit sekundis ning nautige A18 kiibi pakutavat v\u00f5imsat j\u00f5udlust. T\u00e4ieliku kaamerakontrolli abil p\u00e4\u00e4sete kiiresti juurde t\u00f6\u00f6riistadele, nagu suum ja teravuss\u00fcgavus. [&hellip;]<\/p>\n","protected":false},"featured_media":55830,"template":"","meta":{"_acf_changed":false},"product_cat":[630,618,154,152,159],"product_tag":[],"class_list":{"0":"post-55763","1":"product","2":"type-product","3":"status-publish","4":"has-post-thumbnail","6":"product_cat-512gb-5","7":"product_cat-iphone-16-plus","8":"product_cat-nutiseadmed","9":"product_cat-nutitelefonid","10":"product_cat-apple","12":"first","13":"onbackorder","14":"taxable","15":"shipping-taxable","16":"purchasable","17":"product-type-simple"},"acf":[],"_links":{"self":[{"href":"https:\/\/shop.iproff.ee\/en\/wp-json\/wp\/v2\/product\/55763","targetHints":{"allow":["GET"]}}],"collection":[{"href":"https:\/\/shop.iproff.ee\/en\/wp-json\/wp\/v2\/product"}],"about":[{"href":"https:\/\/shop.iproff.ee\/en\/wp-json\/wp\/v2\/types\/product"}],"wp:featuredmedia":[{"embeddable":true,"href":"https:\/\/shop.iproff.ee\/en\/wp-json\/wp\/v2\/media\/55830"}],"wp:attachment":[{"href":"https:\/\/shop.iproff.ee\/en\/wp-json\/wp\/v2\/media?parent=55763"}],"wp:term":[{"taxonomy":"product_cat","embeddable":true,"href":"https:\/\/shop.iproff.ee\/en\/wp-json\/wp\/v2\/product_cat?post=55763"},{"taxonomy":"product_tag","embeddable":true,"href":"https:\/\/shop.iproff.ee\/en\/wp-json\/wp\/v2\/product_tag?post=55763"}],"curies":[{"name":"wp","href":"https:\/\/api.w.org\/{rel}","templated":true}]}}