{"id":55745,"date":"2024-09-21T09:22:42","date_gmt":"2024-09-21T09:22:42","guid":{"rendered":"https:\/\/shop.iproff.ee\/?post_type=product&#038;p=55745"},"modified":"2025-12-10T15:01:52","modified_gmt":"2025-12-10T15:01:52","slug":"apple-iphone-16-256gb-white","status":"publish","type":"product","link":"https:\/\/shop.iproff.ee\/en\/product\/apple-iphone-16-256gb-white\/","title":{"rendered":"Apple iPhone 16 256GB &#8211; White"},"content":{"rendered":"<p>Tutvu iPhone 16-ga, millel on stiilne alumiiniumist disain ja uus Camera Control funktsioon. Nautige 4K Dolby Vision video salvestamist kiirusega kuni 60 kaadrit sekundis ja kasutage v\u00f5imsat A18 kiipi. iPhone 16 toob sinu k\u00e4tte t\u00e4ieliku kaamerakontrolli, pakkudes kiiret ligip\u00e4\u00e4su t\u00f6\u00f6riistadele nagu suum ja teravuss\u00fcgavuse reguleerimine. Uue Ultra Wide kaamera ja 48 MP Fusion kaameraga teed \u00fcliteravaid ja detailseid pilte. A18 kiip tagab v\u00f5imsa j\u00f5udluse ja pikema aku kestvuse, samas kui vastupidav alumiiniumraam ja uusim Ceramic Shield tehnoloogia teevad sellest iPhone\u2019i, mis kestab kaua.<\/p>\n<p>Olulisemad funktsioonid:<\/p>\n<p>Alumiiniumist disain \u2013 iPhone 16 paistab silma vastupidava ja kerge alumiiniumkorpusega ning suure 6,1-tollise Super Retina XDR ekraaniga. Ceramic Shield muudab telefoni kaks korda vastupidavamaks kui tavaline nutitelefoni klaas.<br \/>\nT\u00e4ielik kaamera kontroll \u2013 Camera Control funktsiooniga saate kiiresti kasutada t\u00f6\u00f6riistu nagu teravuss\u00fcgavus ja suum. 48MP kaamera v\u00f5imaldab j\u00e4\u00e4dvustada detailseid fotosid ja selgeid kaadreid.<br \/>\nPro video ja Dolby Vision \u2013 viige oma videosalvestused j\u00e4rgmisele tasemele, salvestades 4K Dolby Visioniga kiirusega kuni 60 kaadrit sekundis. Stuudiokvaliteediga mikrofonid tagavad kristallselge heli.<br \/>\nA18 kiip \u2013 pakub erakordset j\u00f5udlust ja energiat\u00f5husust, v\u00f5imaldades t\u00e4iustatud foto- ja videov\u00f5imalusi, sujuvat kasutajakogemust ja pikemat aku kasutusaega.<br \/>\nPikendatud aku t\u00f6\u00f6iga \u2013 kuni 22 tundi videot. Kiirlaadimine USB-C v\u00f5i MagSafe juhtmevaba laadimisega.<br \/>\n48 MP Fusion kaamera ja 2x telefoto objektiiv \u2013 tee \u00fcliteravaid pilte ja too kaugemad objektid l\u00e4hemale kristallselge optilise suumiga.<br \/>\nPhotographic Styles \u2013 loominguline paindlikkus, mis v\u00f5imaldab igat fotot isikup\u00e4rastada ja stiile igal ajal kohandada.<br \/>\n16-tuumaline Neural Engine \u2013 kiire ja nutikas j\u00f5udlus igas olukorras.<br \/>\nAction Button \u2013 lihtne ja kiire viis kasutada oma lemmikfunktsioone, nagu taskulamp v\u00f5i h\u00e4\u00e4lememo.<br \/>\nUSB-C port \u2013 universaalne ja mugav laadimine.<br \/>\nDynamic Island \u2013 k\u00f5ik teavitused ja reaalaja tegevused \u00fches kohas, et sa millestki ilma ei j\u00e4\u00e4ks.<br \/>\nCrash Detection \u2013 tuvastab t\u00f5sise auto\u00f5nnetuse ja kutsub vajadusel abi.<br \/>\nFace ID ja LiDAR Scanner \u2013 turvaline ja t\u00e4pne tuvastus.<br \/>\nKaal: 172 g.<br \/>\nKarbis: iPhone 16<br \/>\nUSB-C laadimiskaabel (1 m)<br \/>\nDokumentatsioon<\/p>\n<p>NB! Pakend ei sisalda laadimisadapterit ega k\u00f5rvaklappe!<br \/>\nAstuge tulevikku iPhone 16-ga \u2013 j\u00f5udlus ja disain, mis viib teid j\u00e4rgmisele tasemele!<\/p>\n","protected":false},"excerpt":{"rendered":"<p>Tutvu iPhone 16-ga, millel on stiilne alumiiniumist disain ja uus Camera Control funktsioon. Nautige 4K Dolby Vision video salvestamist kiirusega kuni 60 kaadrit sekundis ja kasutage v\u00f5imsat A18 kiipi. iPhone 16 toob sinu k\u00e4tte t\u00e4ieliku kaamerakontrolli, pakkudes kiiret ligip\u00e4\u00e4su t\u00f6\u00f6riistadele nagu suum ja teravuss\u00fcgavuse reguleerimine. Uue Ultra Wide kaamera ja 48 MP Fusion kaameraga teed [&hellip;]<\/p>\n","protected":false},"featured_media":55839,"template":"","meta":{"_acf_changed":false},"product_cat":[632,617,154,152,159],"product_tag":[],"class_list":{"0":"post-55745","1":"product","2":"type-product","3":"status-publish","4":"has-post-thumbnail","6":"product_cat-256gb-6","7":"product_cat-iphone-16","8":"product_cat-nutiseadmed","9":"product_cat-nutitelefonid","10":"product_cat-apple","12":"first","13":"onbackorder","14":"taxable","15":"shipping-taxable","16":"purchasable","17":"product-type-simple"},"acf":[],"_links":{"self":[{"href":"https:\/\/shop.iproff.ee\/en\/wp-json\/wp\/v2\/product\/55745","targetHints":{"allow":["GET"]}}],"collection":[{"href":"https:\/\/shop.iproff.ee\/en\/wp-json\/wp\/v2\/product"}],"about":[{"href":"https:\/\/shop.iproff.ee\/en\/wp-json\/wp\/v2\/types\/product"}],"wp:featuredmedia":[{"embeddable":true,"href":"https:\/\/shop.iproff.ee\/en\/wp-json\/wp\/v2\/media\/55839"}],"wp:attachment":[{"href":"https:\/\/shop.iproff.ee\/en\/wp-json\/wp\/v2\/media?parent=55745"}],"wp:term":[{"taxonomy":"product_cat","embeddable":true,"href":"https:\/\/shop.iproff.ee\/en\/wp-json\/wp\/v2\/product_cat?post=55745"},{"taxonomy":"product_tag","embeddable":true,"href":"https:\/\/shop.iproff.ee\/en\/wp-json\/wp\/v2\/product_tag?post=55745"}],"curies":[{"name":"wp","href":"https:\/\/api.w.org\/{rel}","templated":true}]}}