{"id":2495,"date":"2023-12-02T14:52:51","date_gmt":"2023-12-02T14:52:51","guid":{"rendered":"https:\/\/shop.iproff.ee\/?post_type=product&#038;p=2495"},"modified":"2025-12-12T09:31:30","modified_gmt":"2025-12-12T09:31:30","slug":"apple-airpods-pro-2nd-gen-2023-usb-c","status":"publish","type":"product","link":"https:\/\/shop.iproff.ee\/en\/product\/apple-airpods-pro-2nd-gen-2023-usb-c\/","title":{"rendered":"Apple AirPods Pro 2nd Gen 2023 USB-C"},"content":{"rendered":"<p>Kogege helikvaliteedi tippu Apple AirPods Pro 2. p\u00f5lvkonna USB-C ja MagSafe-iga. Need juhtmevabad k\u00f5rvaklapid on loodud pakkuma \u00fclimat helielamust, sisaldades t\u00e4iustatud m\u00fcrasummutustehnoloogiat, mis kohandub teie keskkonnaga ja pakub kaasahaaravat kuulamiskogemust. Uus USB-C laadimiskarp MagSafe \u00fchilduvusega tagab sujuva ja t\u00f5husa laadimise, pakkudes mugavust ja usaldusv\u00e4\u00e4rsust liikvel olles. Ergonoomilise disaini, t\u00e4iustatud l\u00e4bipaistvusre\u017eiimi ning higi- ja veekindlusega on AirPods Pro 2. p\u00f5lvkond ideaalne igaks elustiiliks. T\u00f5stke oma helikogemus j\u00e4rgmisele tasemele juhtmevaba innovatsiooni tipptasemega.<\/p>\n","protected":false},"excerpt":{"rendered":"<p>Kogege helikvaliteedi tippu Apple AirPods Pro 2. p\u00f5lvkonna USB-C ja MagSafe-iga. Need juhtmevabad k\u00f5rvaklapid on loodud pakkuma \u00fclimat helielamust, sisaldades t\u00e4iustatud m\u00fcrasummutustehnoloogiat, mis kohandub teie keskkonnaga ja pakub kaasahaaravat kuulamiskogemust. Uus USB-C laadimiskarp MagSafe \u00fchilduvusega tagab sujuva ja t\u00f5husa laadimise, pakkudes mugavust ja usaldusv\u00e4\u00e4rsust liikvel olles. Ergonoomilise disaini, t\u00e4iustatud l\u00e4bipaistvusre\u017eiimi ning higi- ja veekindlusega on [&hellip;]<\/p>\n","protected":false},"featured_media":55948,"template":"","meta":{"_acf_changed":false},"product_cat":[653,237],"product_tag":[],"class_list":{"0":"post-2495","1":"product","2":"type-product","3":"status-publish","4":"has-post-thumbnail","6":"product_cat-airpods","7":"product_cat-korvaklapid","9":"first","10":"onbackorder","11":"taxable","12":"shipping-taxable","13":"purchasable","14":"product-type-simple"},"acf":[],"_links":{"self":[{"href":"https:\/\/shop.iproff.ee\/en\/wp-json\/wp\/v2\/product\/2495","targetHints":{"allow":["GET"]}}],"collection":[{"href":"https:\/\/shop.iproff.ee\/en\/wp-json\/wp\/v2\/product"}],"about":[{"href":"https:\/\/shop.iproff.ee\/en\/wp-json\/wp\/v2\/types\/product"}],"wp:featuredmedia":[{"embeddable":true,"href":"https:\/\/shop.iproff.ee\/en\/wp-json\/wp\/v2\/media\/55948"}],"wp:attachment":[{"href":"https:\/\/shop.iproff.ee\/en\/wp-json\/wp\/v2\/media?parent=2495"}],"wp:term":[{"taxonomy":"product_cat","embeddable":true,"href":"https:\/\/shop.iproff.ee\/en\/wp-json\/wp\/v2\/product_cat?post=2495"},{"taxonomy":"product_tag","embeddable":true,"href":"https:\/\/shop.iproff.ee\/en\/wp-json\/wp\/v2\/product_tag?post=2495"}],"curies":[{"name":"wp","href":"https:\/\/api.w.org\/{rel}","templated":true}]}}