{"id":724,"date":"2023-09-29T12:17:33","date_gmt":"2023-09-29T12:17:33","guid":{"rendered":"https:\/\/iproffshop.gomedia.ee\/?page_id=724"},"modified":"2023-11-27T10:35:33","modified_gmt":"2023-11-27T10:35:33","slug":"esto-payment","status":"publish","type":"page","link":"https:\/\/shop.iproff.ee\/en\/esto-payment\/","title":{"rendered":"ESTO payment"},"content":{"rendered":"<h3>Ei soovi maksta kogu summat korraga? Maksa osamaksete kaupa!<\/h3>\n<p><img loading=\"lazy\" decoding=\"async\" class=\"size-full wp-image-2388 aligncenter\" src=\"https:\/\/shop.iproff.ee\/wp-content\/uploads\/2023\/11\/ESTO-HP-banner.jpg\" alt=\"\" width=\"1000\" height=\"523\" title=\"\"><\/p>\n<p>ESTO j\u00e4relmaksu puhul on tegemist \u00fclimalt kiire ning mugava makselahendusega, mis aitab koostada sulle sinu poolt valitud perioodi alusel maksegraafiku. Makselahendus teeb otsuse reaalajas ning aitab ostu sooritada v\u00e4hem kui 60 sekundiga.<br \/>\nLisa sobivad tooted ostukorvi, kinnita oma tellimus ning vali makseviisidest ESTO j\u00e4relmaks. Ostu kinnitamisel vali endale sobiv periood, igakuise osamakse suurus ning digiallkirjasta mugavalt ID-kaardi, Smart-ID v\u00f5i Mobiili-ID abil.<\/p>\n<ul>\n<li>ESTO j\u00e4relmaksu saavad taotleda k\u00f5ik 18-70-aastased Eesti Vabariigi kodanikud.<\/li>\n<li>ESTO j\u00e4relmaks on v\u00f5imalik vormistada kiirelt ja mugavalt ka juriidilisele isikule.<\/li>\n<li>ESTO j\u00e4relmaksu pakub ja haldab ESTO AS.<\/li>\n<\/ul>\n<p><strong>T\u00c4HELEPANU!<\/strong> Iga j\u00e4relmaks on finantskohustus. Enne j\u00e4relmaksulepingu s\u00f5lmimist tutvuge vastava teenuse tingimustega ning vajadusel konsulteerige asjatundjaga. Iga finantsotsusega kaasnevad riskid ja kohustused, mist\u00f5ttu palume laenutoodete tarbimise vajadus hoolikalt l\u00e4bi m\u00f5elda. N\u00e4iteks 1290-eurose laenusumma puhul 24 kuuks fikseeritud intressiga 14.90% aastas ja lepingutasuga 0 eurot on krediidi kulukuse m\u00e4\u00e4r 31.62%, kuumakse suurus 70.67 eurot ning tarbija poolt tagasimakstav kogusumma 1696.08 eurot. J\u00e4relmaks on finantskohustus ning enne otsuse tegemist tutvuge p\u00f5hjalikult lepingutingimustega ja vajadusel pidage n\u00f5u ESTO AS t\u00f6\u00f6tajaga v\u00f5i muu asjatundjaga. J\u00e4relmaksu pakub ja haldab ESTO AS.<\/p>\n<p><img loading=\"lazy\" decoding=\"async\" class=\"aligncenter wp-image-2392 size-full\" src=\"https:\/\/shop.iproff.ee\/wp-content\/uploads\/2023\/11\/ESTO3-banner.png\" alt=\"\" width=\"975\" height=\"510\" title=\"\"><\/p>\n<p id=\"E111\" class=\"x-scope qowt-word-para-1\"><strong><span id=\"E112\" class=\"qowt-font3-Karla\">ESTO 3 makseviis on innovatiivne lahendus, mis v\u00f5imaldab ostu kinnitada ja tasuda mugavalt ning kiirelt \u2013 kolmes v\u00f5rdses osas, ilma lisatasudeta!<\/span><\/strong><\/p>\n<p id=\"E115\" class=\"x-scope qowt-word-para-3\"><span id=\"E116\" class=\"qowt-font2-KarlaLight\">Vali e-poe kassas oma ostude eest tasumiseks \u00fclimalt populaarne ESTO 3-osaline makseviis! <\/span><\/p>\n<p id=\"E119\" class=\"x-scope qowt-word-para-3\"><span id=\"E120\" class=\"qowt-font2-KarlaLight\">ESTO 3 aitab jagada ostusumma kuni 3-ks v\u00f5rdseks osaks. <\/span><span id=\"E121\" class=\"qowt-font2-KarlaLight\"><br \/>\n<\/span><\/p>\n<p id=\"E122\" class=\"qowt-li-1_0 qowt-list x-scope qowt-word-para-4\" role=\"listitem\" aria-roledescription=\"Bullet\"><span id=\"E123\" class=\"qowt-font2-KarlaLight\">\u00dchtegi lisatasu ei lisandu.<\/span><\/p>\n<ul>\n<li id=\"E124\" class=\"qowt-li-1_0 qowt-list x-scope qowt-word-para-4\" role=\"listitem\" aria-roledescription=\"Bullet\"><span id=\"E125\" class=\"qowt-font2-KarlaLight\">Lihtsalt kolm v\u00f5rdses osas makset, kolme kuu jooksul.<\/span><\/li>\n<li id=\"E126\" class=\"qowt-li-1_0 qowt-list x-scope qowt-word-para-4\" role=\"listitem\" aria-roledescription=\"Bullet\"><span id=\"E127\" class=\"qowt-font2-KarlaLight\">Esimene makse on alles j\u00e4rgmise kuu 15. kuup\u00e4eval.<\/span><\/li>\n<li id=\"E130\" class=\"x-scope qowt-word-para-5\"><span id=\"E131\" class=\"qowt-font2-KarlaLight\">ESTO 3 makseviisi pakub ja haldab ESTO AS.<\/span><span id=\"E132\"><\/span><\/li>\n<\/ul>\n<p><img loading=\"lazy\" decoding=\"async\" class=\"aligncenter wp-image-2395\" src=\"https:\/\/shop.iproff.ee\/wp-content\/uploads\/2023\/11\/maksahiljem-650x417.jpg\" alt=\"\" width=\"990\" height=\"635\" title=\"\"><\/p>\n<p>Vali oma ostude eest tasumiseks ESTO maksa hiljem. Kinnita ost vaid paari klikiga, saa tellimus k\u00e4tte ning maksa tagasi ilma \u00fchegi lisakuluta 30 p\u00e4eva jooksul!<\/p>\n<p><strong>Ole nutikas ja vali ostude eest tasumiseks ESTO maksa hiljem!<\/strong><\/p>\n<p>Maksa hiljem on nutikate inimeste makseviis \u2013 saa kaup kohe k\u00e4tte ning maksa tagasi paindliku tagasimaksegraafiku alusel.<\/p>\n<p>Soeta paari klikiga just seda, mida vajad \u2013 puudub intress, lisatasu ja sissemakse!<\/p>\n<p><img loading=\"lazy\" decoding=\"async\" class=\"aligncenter wp-image-2398\" src=\"https:\/\/shop.iproff.ee\/wp-content\/uploads\/2023\/11\/maksahiljem2.jpg\" alt=\"\" width=\"990\" height=\"197\" title=\"\"><\/p>\n<p><strong>MIS ON ESTO?<\/strong> ESTO on finantsteenuseid pakkuv ettev\u00f5te, mille algusaeg ulatub aastasse 2016. Br\u00e4nd sai alguse vajadusest uue generatsiooni makselahenduste j\u00e4rele, mis oleksid sobilikud nii l\u00f5pptarbijale kui ka m\u00fc\u00fcjale. T\u00e4na pakub ESTO k\u00f5ige suuremat valikut erinevaid makselahendusi Baltikumis ning ESTO partnerv\u00f5rgustikku kuulub \u00fcle 2600 koost\u00f6\u00f6partneri ja kaupluse ning \u00fcle 300 000 kliendi.<br \/>\nTutvu tingimustega siin: <a href=\"https:\/\/www.esto.ee\" target=\"_blank\" rel=\"noopener\">www.esto.ee<\/a><\/p>\n<p>Vajadusel kontakteeruge ESTO AS t\u00f6\u00f6tajaga &#8211; <a href=\"mailto:info@esto.ee\">info@esto.ee<\/a> v\u00f5i <a href=\"https:\/\/www.esto.ee\" target=\"_blank\" rel=\"noopener\">www.esto.ee<\/a> LIVE chat-aknas.<\/p>\n","protected":false},"excerpt":{"rendered":"<p>Ei soovi maksta kogu summat korraga? Maksa osamaksete kaupa! ESTO j\u00e4relmaksu puhul on tegemist \u00fclimalt kiire ning mugava makselahendusega, mis aitab koostada sulle sinu poolt valitud perioodi alusel maksegraafiku. Makselahendus teeb otsuse reaalajas ning aitab ostu sooritada v\u00e4hem kui 60 sekundiga. Lisa sobivad tooted ostukorvi, kinnita oma tellimus ning vali makseviisidest ESTO j\u00e4relmaks. Ostu kinnitamisel [&hellip;]<\/p>\n","protected":false},"author":5,"featured_media":0,"parent":0,"menu_order":0,"comment_status":"closed","ping_status":"closed","template":"page-static.php","meta":{"_acf_changed":false,"footnotes":""},"class_list":["post-724","page","type-page","status-publish","hentry"],"acf":[],"_links":{"self":[{"href":"https:\/\/shop.iproff.ee\/en\/wp-json\/wp\/v2\/pages\/724","targetHints":{"allow":["GET"]}}],"collection":[{"href":"https:\/\/shop.iproff.ee\/en\/wp-json\/wp\/v2\/pages"}],"about":[{"href":"https:\/\/shop.iproff.ee\/en\/wp-json\/wp\/v2\/types\/page"}],"author":[{"embeddable":true,"href":"https:\/\/shop.iproff.ee\/en\/wp-json\/wp\/v2\/users\/5"}],"replies":[{"embeddable":true,"href":"https:\/\/shop.iproff.ee\/en\/wp-json\/wp\/v2\/comments?post=724"}],"version-history":[{"count":2,"href":"https:\/\/shop.iproff.ee\/en\/wp-json\/wp\/v2\/pages\/724\/revisions"}],"predecessor-version":[{"id":728,"href":"https:\/\/shop.iproff.ee\/en\/wp-json\/wp\/v2\/pages\/724\/revisions\/728"}],"wp:attachment":[{"href":"https:\/\/shop.iproff.ee\/en\/wp-json\/wp\/v2\/media?parent=724"}],"curies":[{"name":"wp","href":"https:\/\/api.w.org\/{rel}","templated":true}]}}