{"id":3,"date":"2023-01-09T12:16:38","date_gmt":"2023-01-09T12:16:38","guid":{"rendered":"https:\/\/iproffshop.gomedia.ee\/?page_id=3"},"modified":"2023-09-29T12:21:27","modified_gmt":"2023-09-29T12:21:27","slug":"privacy-policy","status":"publish","type":"page","link":"https:\/\/shop.iproff.ee\/en\/privacy-policy\/","title":{"rendered":"Privacy Policy"},"content":{"rendered":"<h3>Andmekaitsetingimused<\/h3>\n<p>Veebipoe <a href=\"https:\/\/iproff.ee\" target=\"_blank\" rel=\"noopener\">iproff.ee<\/a> isikuandmete vastutav t\u00f6\u00f6tleja on iProff O\u00dc, Reg. nr. 14482882; email: <a href=\"mailto:info@iproff.ee\">info@iproff.ee<\/a>.<\/p>\n<h3>Milliseid isikuandmeid t\u00f6\u00f6deldakse<\/h3>\n<p>\u2212 nimi, telefoninumber ja e-posti aadress;<br \/>\n\u2212 kauba kohaletoimetamise aadress;<br \/>\n\u2212 pangakonto number;<br \/>\n\u2212 kaupade ja teenuste maksumus ja maksetega seotud andmed (ostuajalugu);<br \/>\n\u2212 klienditoe andmed.<br \/>\n\u2212 IP aadress<\/p>\n<h3>Mis eesm\u00e4rgil isikuandmeid t\u00f6\u00f6deldakse<\/h3>\n<p>Isikuandmeid kasutatakse kliendi tellimuste haldamiseks ja kauba kohaletoimetamiseks.<br \/>\nOstuajaloo andmeid (ostu kuup\u00e4ev, kaup, kogus, kliendi andmed) kasutatakse ostetud kaupade ja teenuste \u00fclevaate koostamiseks, kliendieelistuste anal\u00fc\u00fcsimiseks ning mh tarbijavaidluste<br \/>\nlahendamise eesm\u00e4rgil.<\/p>\n<p>Pangakonto numbrit kasutatakse kliendile maksete tagastamiseks.<\/p>\n<p>Isikuandmeid nagu e-post, telefoni nr, kliendi nimi, t\u00f6\u00f6deldakse selleks, et lahendada kaupade ja<br \/>\nteenuste osutamise seonduvaid k\u00fcsimusi (klienditugi). E-posti kasutatakse lisaks arvete saatmiseks ning telefoni nr kasutatakse pakiautomaati j\u00f5udnud kauba teavitamiseks.<\/p>\n<p>Veebipoe kasutaja IP-aadressi v\u00f5i teisi v\u00f5rguidentifikaatoreid t\u00f6\u00f6deldakse veebipoe kui<br \/>\ninfo\u00fchiskonna teenuse osutamiseks ning veebikasutusstatistika tegemiseks.<\/p>\n<h3>\u00d5iguslik alus<\/h3>\n<p>Isikuandmete t\u00f6\u00f6tlemine toimub kliendiga s\u00f5lmitud lepingu t\u00e4itmise eesm\u00e4rgil (kliendi tellimuste<br \/>\nhaldamine, kohaletoimetamine, kauba ja maksete tagastamine).<br \/>\nIsikuandmete t\u00f6\u00f6tlemine toimub seadusj\u00e4rgse kohustuse t\u00e4itmiseks (nt raamatupidamine).<br \/>\nIsikuandmete t\u00f6\u00f6tlemine on vajalik vastutava t\u00f6\u00f6tleja \u00f5igustatud huvi t\u00f5ttu, mis seisneb v\u00f5imalike<br \/>\ntarbijavaidluste lahendamise eesm\u00e4rgil ostuajaloo andmete kogumises.<br \/>\n\u00d5igustatud huvi anal\u00fc\u00fcsiga tutvumiseks saata e-kiri e-posti aadressile info@iproff.eeXQ<\/p>\n<h3>Vastuv\u00f5tjad, kellele isikuandmed edastatakse<\/h3>\n<p>Nimi, telefoninumber ja e-posti aadress edastatakse kliendi poolt valitud transporditeenuse<br \/>\npakkujale. Kui tegemist on kulleriga kohale toimetatava kaubaga, siis edastatakse lisaks<br \/>\nkontaktandmetele ka kliendi aadress.<\/p>\n<p>Kui veebipoe raamatupidamine toimub teenusepakkuja poolt, siis edastatakse isikuandmed<br \/>\nteenusepakkujale raamatupidamistoimingute tegemiseks.<\/p>\n<p>Isikuandmeid v\u00f5idakse edastada infotehnoloogia teenuste pakkujatele, kui see on vajalik veebipoe funktsionaalsuse v\u00f5i andmemajutuse tagamiseks.<\/p>\n<h3>Turvalisus ja andmetele ligip\u00e4\u00e4s<\/h3>\n<p>Isikuandmeid hoitakse serverites, mis asuvad Euroopa Liidu liikmesriigi v\u00f5i Euroopa Liidu<br \/>\nmajanduspiirkonnaga liitunud riikide territooriumil. Andmeid v\u00f5idakse edastada riikidesse, mille<br \/>\nandmekaitse taset on Euroopa Komisjon hinnanud piisavaks v\u00f5i kolmanda riigi ettev\u00f5ttele, mille<br \/>\nosas on kohaldatud isikuandmete kaitse \u00fcldm\u00e4\u00e4ruse artiklis 46 v\u00f5i 47 v\u00f5i 49 l\u00f5ikes 1 nimetatud<br \/>\nkaitsemeedet.<\/p>\n<p>Juurdep\u00e4\u00e4s isikuandmetele on veebipoe t\u00f6\u00f6tajatel, kes saavad isikuandmetega tutvuda selleks, etlahendada veebipoe kasutamisega seonduvaid tehnilisi k\u00fcsimusi ning osutada klienditoe teenust.<\/p>\n<p>Veebipood rakendab asjakohaseid f\u00fc\u00fcsilisi, organisatsioonilisi ja infotehnilisi turvameetmeid, et<br \/>\nkaitsta isikuandmeid juhusliku v\u00f5i ebaseadusliku h\u00e4vitamise, kaotsimineku, muutmise v\u00f5i loata<br \/>\njuurdep\u00e4\u00e4su ja avalikustamise eest.<\/p>\n<p>Isikuandmete edastamine veebipoe volitatud t\u00f6\u00f6tlejatest vastuv\u00f5tjatele (nt transporditeenuse<br \/>\npakkuja ja andmemajutus) toimub veebipoe ja volitatud t\u00f6\u00f6tlejatega s\u00f5lmitud lepingute alusel.<\/p>\n<p>Volitatud t\u00f6\u00f6tlejaid on kohustatud tagama isikuandmete t\u00f6\u00f6tlemisel asjakohased kaitsemeetmed<br \/>\nkoosk\u00f5las isikuandmete kaitse \u00fcldm\u00e4\u00e4ruse artikliga 28.<\/p>\n<h3>Isikuandmetega tutvumine ja parandamine<\/h3>\n<p>Isikuandmetega saab tutvuda ja teha parandusi klienditoe vahendusel.<br \/>\nKui isikuandmetega tutvumise taotlus on esitatud elektrooniliselt, esitatakse ka teave \u00fcldkasutatavate elektrooniliste vahendite kaudu.<\/p>\n<h3>N\u00f5usoleku tagasiv\u00f5tmine<\/h3>\n<p>Kui isikundmete t\u00f6\u00f6tlemine toimub kliendi n\u00f5usoleku alusel, siis on kliendil \u00f5igus n\u00f5usolek tagasi<br \/>\nv\u00f5tta teavitades sellest kliendituge e-posti teel.<\/p>\n<h3>S\u00e4ilitamine<\/h3>\n<p>Veebipoe kliendikonto sulgemisel kustutatakse isikuandmed, va isikuandmed (ostuajaloo<br \/>\nandmed), mida on vaja s\u00e4ilitada raamatupidamise jaoks v\u00f5i tarbijavaidluste lahendamiseks.<\/p>\n<p>Maksetega ja tarbijavaidlustega seotud vaidluste korral s\u00e4ilitatakse isikuandmed kuni n\u00f5ude<br \/>\nt\u00e4itmiseni v\u00f5i aegumist\u00e4htaja l\u00f5puni.<\/p>\n<p>Raamatupidamise algdokumentides sisalduvaid isikuandmeid s\u00e4ilitatakse seitse aastat.<\/p>\n<h3>Piiramine<\/h3>\n<p>Kliendil on \u00f5igus taotleda oma isikuandmete t\u00f6\u00f6tlemise piiramist, kui andmed on eba\u00f5iged v\u00f5i<br \/>\npole t\u00e4ielikud v\u00f5i kui tema isikuandmeid t\u00f6\u00f6deldakse ebaseaduslikult.<\/p>\n<h3>Vastuv\u00e4ited<\/h3>\n<p>Kliendil on \u00f5igus esitada vastuv\u00e4iteid seoses tema isikuandmete t\u00f6\u00f6tlemisega, kui tal on alust<br \/>\narvata, et tema isikuandmete t\u00f6\u00f6tlemiseks puudub seaduslik alus.<\/p>\n<h3>Kustutamine<\/h3>\n<p>Isikuandmete kustutamiseks tuleb v\u00f5tta \u00fchendust klienditoega e-posti teel. Kustutamistaotlusele<br \/>\nvastatakse mitte hiljem kui kuu aja jooksul ning t\u00e4psustakse andmete kustutamise perioodi.<br \/>\nVastuses taotlusele tuuakse ka v\u00e4lja need isikuandmed, mida ei kustuta ning millisel \u00f5iguslikul<br \/>\nalusel ja p\u00f5hjusel.<\/p>\n<h3>\u00dclekandmine<\/h3>\n<p>E-posti teel esitatud isikuandmete \u00fclekandmise taotlusele vastatakse hiljemalt kuu aja jooksul.<br \/>\nKlienditugi tuvastab isikusamasuse ja teavitab isikuandmetest, mis kuuluvad \u00fclekandmisele.<\/p>\n<h3>Otseturustusteated<\/h3>\n<p>E-kirja aadressi ja telefoninumbrit kasutatakse otseturundusteadete saatmiseks, kui klient on<br \/>\nandnud vastava n\u00f5usoleku. Kui klient ei soovi saada otseturustusteateid, siis tuleb valida e-kirja<br \/>\njaluses vastav viide v\u00f5i v\u00f5tta \u00fchendust klienditoega.<\/p>\n<h3>Vaidluste lahendamine<\/h3>\n<p>Isikuandmete t\u00f6\u00f6tlemisega seotud vaidluste lahendamine toimub klienditoe vahendusel<br \/>\ninfo@iproff.ee. J\u00e4relevalveasutus on Eesti Andmekaitse Inspektsioon (info@aki.ee)<\/p>\n","protected":false},"excerpt":{"rendered":"<p>Andmekaitsetingimused Veebipoe iproff.ee isikuandmete vastutav t\u00f6\u00f6tleja on iProff O\u00dc, Reg. nr. 14482882; email: info@iproff.ee. Milliseid isikuandmeid t\u00f6\u00f6deldakse \u2212 nimi, telefoninumber ja e-posti aadress; \u2212 kauba kohaletoimetamise aadress; \u2212 pangakonto number; \u2212 kaupade ja teenuste maksumus ja maksetega seotud andmed (ostuajalugu); \u2212 klienditoe andmed. \u2212 IP aadress Mis eesm\u00e4rgil isikuandmeid t\u00f6\u00f6deldakse Isikuandmeid kasutatakse kliendi tellimuste haldamiseks [&hellip;]<\/p>\n","protected":false},"author":5,"featured_media":0,"parent":0,"menu_order":0,"comment_status":"closed","ping_status":"closed","template":"page-static.php","meta":{"_acf_changed":false,"footnotes":""},"class_list":["post-3","page","type-page","status-publish","hentry"],"acf":[],"_links":{"self":[{"href":"https:\/\/shop.iproff.ee\/en\/wp-json\/wp\/v2\/pages\/3","targetHints":{"allow":["GET"]}}],"collection":[{"href":"https:\/\/shop.iproff.ee\/en\/wp-json\/wp\/v2\/pages"}],"about":[{"href":"https:\/\/shop.iproff.ee\/en\/wp-json\/wp\/v2\/types\/page"}],"author":[{"embeddable":true,"href":"https:\/\/shop.iproff.ee\/en\/wp-json\/wp\/v2\/users\/5"}],"replies":[{"embeddable":true,"href":"https:\/\/shop.iproff.ee\/en\/wp-json\/wp\/v2\/comments?post=3"}],"version-history":[{"count":6,"href":"https:\/\/shop.iproff.ee\/en\/wp-json\/wp\/v2\/pages\/3\/revisions"}],"predecessor-version":[{"id":729,"href":"https:\/\/shop.iproff.ee\/en\/wp-json\/wp\/v2\/pages\/3\/revisions\/729"}],"wp:attachment":[{"href":"https:\/\/shop.iproff.ee\/en\/wp-json\/wp\/v2\/media?parent=3"}],"curies":[{"name":"wp","href":"https:\/\/api.w.org\/{rel}","templated":true}]}}